{"id":3902,"date":"2025-06-16T09:25:40","date_gmt":"2025-06-16T09:25:40","guid":{"rendered":"https:\/\/velkeholky.org\/?page_id=3902"},"modified":"2025-09-28T13:45:06","modified_gmt":"2025-09-28T13:45:06","slug":"krasa-anti-age","status":"publish","type":"page","link":"https:\/\/velkeholky.org\/en\/krasa-anti-age\/","title":{"rendered":"Beauty &amp; Anti-Age"},"content":{"rendered":"<div class=\"wp-block-group\"><div class=\"wp-block-group__inner-container is-layout-constrained wp-block-group-is-layout-constrained\">\n<div class=\"wp-block-buttons is-content-justification-center is-layout-flex wp-container-core-buttons-is-layout-a89b3969 wp-block-buttons-is-layout-flex\">\n<div class=\"wp-block-button is-style-outline is-style-outline--1\"><a class=\"wp-block-button__link has-vivid-red-color has-text-color has-background has-link-color has-medium-font-size has-text-align-center has-custom-font-size wp-element-button\" href=\"https:\/\/velkeholky.org\/en\/category\/https-velkeholky-org-beauty-anti-age\/\" style=\"border-radius:80px;background:linear-gradient(135deg,rgb(255,203,112) 4%,rgb(199,81,192) 100%,rgb(65,88,208) 100%)\"><strong>All Articles<\/strong><\/a><\/div>\n<\/div>\n<\/div><\/div>\n\n\n\n<div style=\"text-align: center; padding: 10px 20px; max-width: 800px; margin: auto;\">\n  <p style=\"font-size: 1.1rem; color: #555;\">\n    An elegant rebellion against aging stereotypes. Care that respects the wisdom of the body \u2013 and pampers it too. Cosmetics, rituals, and style \u2013 for women who aren\u2019t afraid to shine.\n\n  <\/p>\n<\/div>\n\n\n\n<div class=\"wp-block-uagb-advanced-heading uagb-block-158cb3b2\"><h1 class=\"uagb-heading-text\"><em>Latest Articles:<\/em><\/h1><\/div>\n\n\n\n\n\n\t\t\t<div class=\"wp-block-uagb-post-grid uagb-post-grid  uagb-post__image-position-top uagb-post__image-enabled uagb-block-1a8063d6     uagb-post__items uagb-post__columns-3 is-grid uagb-post__columns-tablet-2 uagb-post__columns-mobile-1 uagb-post__equal-height\" data-total=\"10\" style=\"\">\n\n\t\t\t\t\t\t\t\t\t\t\t\t<article class=\"uagb-post__inner-wrap\">\t\t\t\t\t\t\t\t<div class='uagb-post__image'>\n\t\t\t\t\t\t\t\t\t<a href=\"https:\/\/velkeholky.org\/en\/stribrne-vlasy-to-neni-konec-to-je-koruna\/\" target=\"_self\" rel=\"bookmark noopener noreferrer\" class='uagb-image-ratio-inherit'><img loading=\"lazy\" decoding=\"async\" width=\"150\" height=\"150\" src=\"https:\/\/velkeholky.org\/wp-content\/uploads\/2026\/03\/stribrne-vlasy-zena-50plus-vitr-150x150.png\" class=\"attachment-thumbnail size-thumbnail\" alt=\"\u017eena 50 plus se st\u0159\u00edbrn\u00fdmi vlasy ve v\u011btru symbol p\u0159irozen\u00e9 kr\u00e1sy a p\u0159ijet\u00ed v\u011bku\" srcset=\"https:\/\/velkeholky.org\/wp-content\/uploads\/2026\/03\/stribrne-vlasy-zena-50plus-vitr-150x150.png 150w, https:\/\/velkeholky.org\/wp-content\/uploads\/2026\/03\/stribrne-vlasy-zena-50plus-vitr-300x300.png 300w, https:\/\/velkeholky.org\/wp-content\/uploads\/2026\/03\/stribrne-vlasy-zena-50plus-vitr-75x75.png 75w\" sizes=\"auto, (max-width: 150px) 100vw, 150px\" \/>\t\t\t\t\t<\/a>\n\t\t\t\t\t\t\t<\/div>\n\t\t\t\t\t\t<h4 class=\"uagb-post__title uagb-post__text\">\n\t\t\t\t<a href=\"https:\/\/velkeholky.org\/en\/stribrne-vlasy-to-neni-konec-to-je-koruna\/\" target=\"_self\" rel=\"bookmark noopener noreferrer\">Silver hair? That&#039;s not the end. That&#039;s the crown.<\/a>\n\t\t\t<\/h4>\n\t\t\t\t\t\t<div class='uagb-post__text uagb-post-grid-byline'>\n\t\t\t\t\t\t\t<\/div>\n\t\t\t\t\t\t\t<div class='uagb-post__text uagb-post__excerpt'>\n\t\t\t\t\tSilver hair is not a loss. It is not a resignation. It is a story. Every strand is a little\u2026\t\t\t\t<\/div>\n\t\t\t\t\t\t<div class=\"uagb-post__text uagb-post__cta wp-block-button\">\n\t\t\t\t<a class=\"wp-block-button__link uagb-text-link\" style=\"\" href=\"https:\/\/velkeholky.org\/en\/stribrne-vlasy-to-neni-konec-to-je-koruna\/\" target=\"_self\" rel=\"bookmark noopener noreferrer\">Read More<\/a>\n\t\t\t<\/div>\n\t\t\t\n\t\t\t\t\t\t\t\t\t<\/article>\n\t\t\t\t\t\t\t\t\t\t\t\t\t\t\t\t<article class=\"uagb-post__inner-wrap\">\t\t\t\t\t\t\t\t<div class='uagb-post__image'>\n\t\t\t\t\t\t\t\t\t<a href=\"https:\/\/velkeholky.org\/en\/je-jim-padesat-ale-tipuji-jim-tricet-a-vis-zvlastni\/\" target=\"_self\" rel=\"bookmark noopener noreferrer\" class='uagb-image-ratio-inherit'><img loading=\"lazy\" decoding=\"async\" width=\"150\" height=\"150\" src=\"https:\/\/velkeholky.org\/wp-content\/uploads\/2026\/02\/Je-jim-padesat-ale-tipuji-jim-tricet-150x150.png\" class=\"attachment-thumbnail size-thumbnail\" alt=\"\u017dena 50+ sed\u00ed u okna s hrnkem k\u00e1vy v rann\u00edm denn\u00edm sv\u011btle, bez v\u00fdrazn\u00e9ho make-upu, klidn\u00fd v\u00fdraz a p\u0159irozen\u00e1 ple\u0165. N\u011bkdy je nejv\u011bt\u0161\u00ed luxus klid.\" srcset=\"https:\/\/velkeholky.org\/wp-content\/uploads\/2026\/02\/Je-jim-padesat-ale-tipuji-jim-tricet-150x150.png 150w, https:\/\/velkeholky.org\/wp-content\/uploads\/2026\/02\/Je-jim-padesat-ale-tipuji-jim-tricet-300x300.png 300w, https:\/\/velkeholky.org\/wp-content\/uploads\/2026\/02\/Je-jim-padesat-ale-tipuji-jim-tricet-75x75.png 75w\" sizes=\"auto, (max-width: 150px) 100vw, 150px\" \/>\t\t\t\t\t<\/a>\n\t\t\t\t\t\t\t<\/div>\n\t\t\t\t\t\t<h4 class=\"uagb-post__title uagb-post__text\">\n\t\t\t\t<a href=\"https:\/\/velkeholky.org\/en\/je-jim-padesat-ale-tipuji-jim-tricet-a-vis-zvlastni\/\" target=\"_self\" rel=\"bookmark noopener noreferrer\">They are fifty, but they are estimated to be thirty. And what is special?<\/a>\n\t\t\t<\/h4>\n\t\t\t\t\t\t<div class='uagb-post__text uagb-post-grid-byline'>\n\t\t\t\t\t\t\t<\/div>\n\t\t\t\t\t\t\t<div class='uagb-post__text uagb-post__excerpt'>\n\t\t\t\t\tA morning without makeup. No filter. No stress. Sometimes the greatest luxury is peace \u2013\u2026\t\t\t\t<\/div>\n\t\t\t\t\t\t<div class=\"uagb-post__text uagb-post__cta wp-block-button\">\n\t\t\t\t<a class=\"wp-block-button__link uagb-text-link\" style=\"\" href=\"https:\/\/velkeholky.org\/en\/je-jim-padesat-ale-tipuji-jim-tricet-a-vis-zvlastni\/\" target=\"_self\" rel=\"bookmark noopener noreferrer\">Read More<\/a>\n\t\t\t<\/div>\n\t\t\t\n\t\t\t\t\t\t\t\t\t<\/article>\n\t\t\t\t\t\t\t\t\t\t\t\t\t\t\t\t<article class=\"uagb-post__inner-wrap\">\t\t\t\t\t\t\t\t<div class='uagb-post__image'>\n\t\t\t\t\t\t\t\t\t<a href=\"https:\/\/velkeholky.org\/en\/jak-poznam-ze-budu-dobre-starnout-a-neni-to-jedno\/\" target=\"_self\" rel=\"bookmark noopener noreferrer\" class='uagb-image-ratio-inherit'><img loading=\"lazy\" decoding=\"async\" width=\"150\" height=\"150\" src=\"https:\/\/velkeholky.org\/wp-content\/uploads\/2025\/11\/Jak-budeme-starnout-150x150.png\" class=\"attachment-thumbnail size-thumbnail\" alt=\"Detailn\u00ed \u010dernob\u00edl\u00e1 fotografie letokruh\u016f d\u0159eva. Viditeln\u00e9 soust\u0159edn\u00e9 kruhy symbolizuj\u00ed roky a r\u016fst. V obr\u00e1zku je um\u00edst\u011bn\u00fd n\u00e1pis \u201eSt\u00e1\u0159\u00ed je v\u00fdsada. Ka\u017ed\u00fd rok nav\u00edc je dar.\u201c\" srcset=\"https:\/\/velkeholky.org\/wp-content\/uploads\/2025\/11\/Jak-budeme-starnout-150x150.png 150w, https:\/\/velkeholky.org\/wp-content\/uploads\/2025\/11\/Jak-budeme-starnout-300x300.png 300w, https:\/\/velkeholky.org\/wp-content\/uploads\/2025\/11\/Jak-budeme-starnout-768x768.png 768w, https:\/\/velkeholky.org\/wp-content\/uploads\/2025\/11\/Jak-budeme-starnout-12x12.png 12w, https:\/\/velkeholky.org\/wp-content\/uploads\/2025\/11\/Jak-budeme-starnout-75x75.png 75w, https:\/\/velkeholky.org\/wp-content\/uploads\/2025\/11\/Jak-budeme-starnout.png 1024w\" sizes=\"auto, (max-width: 150px) 100vw, 150px\" \/>\t\t\t\t\t<\/a>\n\t\t\t\t\t\t\t<\/div>\n\t\t\t\t\t\t<h4 class=\"uagb-post__title uagb-post__text\">\n\t\t\t\t<a href=\"https:\/\/velkeholky.org\/en\/jak-poznam-ze-budu-dobre-starnout-a-neni-to-jedno\/\" target=\"_self\" rel=\"bookmark noopener noreferrer\">How do I know I will age well? (and does it matter?)<\/a>\n\t\t\t<\/h4>\n\t\t\t\t\t\t<div class='uagb-post__text uagb-post-grid-byline'>\n\t\t\t\t\t\t\t<\/div>\n\t\t\t\t\t\t\t<div class='uagb-post__text uagb-post__excerpt'>\n\t\t\t\t\tAge is just a number: Age is influenced not only by calendar age, but also by attitude towards\u2026\t\t\t\t<\/div>\n\t\t\t\t\t\t<div class=\"uagb-post__text uagb-post__cta wp-block-button\">\n\t\t\t\t<a class=\"wp-block-button__link uagb-text-link\" style=\"\" href=\"https:\/\/velkeholky.org\/en\/jak-poznam-ze-budu-dobre-starnout-a-neni-to-jedno\/\" target=\"_self\" rel=\"bookmark noopener noreferrer\">Read More<\/a>\n\t\t\t<\/div>\n\t\t\t\n\t\t\t\t\t\t\t\t\t<\/article>\n\t\t\t\t\t\t\t\t\t\t\t<\/div>\n\t\t\t\n\n\n<div class=\"wp-block-uagb-advanced-heading uagb-block-2ca72acf\"><h1 class=\"uagb-heading-text\"><em>Top Reads:<\/em><\/h1><\/div>\n\n\n\n\n\n\t\t\t<div class=\"wp-block-uagb-post-grid uagb-post-grid  uagb-post__image-position-top uagb-post__image-enabled uagb-block-16b896dd     uagb-post__items uagb-post__columns-3 is-grid uagb-post__columns-tablet-2 uagb-post__columns-mobile-1 uagb-post__equal-height\" data-total=\"10\" style=\"\">\n\n\t\t\t\t\t\t\t\t\t\t\t\t<article class=\"uagb-post__inner-wrap\">\t\t\t\t\t\t\t\t<div class='uagb-post__image'>\n\t\t\t\t\t\t\t\t\t<a href=\"https:\/\/velkeholky.org\/en\/stribrne-vlasy-to-neni-konec-to-je-koruna\/\" target=\"_self\" rel=\"bookmark noopener noreferrer\" class='uagb-image-ratio-inherit'><img loading=\"lazy\" decoding=\"async\" width=\"150\" height=\"150\" src=\"https:\/\/velkeholky.org\/wp-content\/uploads\/2026\/03\/stribrne-vlasy-zena-50plus-vitr-150x150.png\" class=\"attachment-thumbnail size-thumbnail\" alt=\"\u017eena 50 plus se st\u0159\u00edbrn\u00fdmi vlasy ve v\u011btru symbol p\u0159irozen\u00e9 kr\u00e1sy a p\u0159ijet\u00ed v\u011bku\" srcset=\"https:\/\/velkeholky.org\/wp-content\/uploads\/2026\/03\/stribrne-vlasy-zena-50plus-vitr-150x150.png 150w, https:\/\/velkeholky.org\/wp-content\/uploads\/2026\/03\/stribrne-vlasy-zena-50plus-vitr-300x300.png 300w, https:\/\/velkeholky.org\/wp-content\/uploads\/2026\/03\/stribrne-vlasy-zena-50plus-vitr-75x75.png 75w\" sizes=\"auto, (max-width: 150px) 100vw, 150px\" \/>\t\t\t\t\t<\/a>\n\t\t\t\t\t\t\t<\/div>\n\t\t\t\t\t\t<h4 class=\"uagb-post__title uagb-post__text\">\n\t\t\t\t<a href=\"https:\/\/velkeholky.org\/en\/stribrne-vlasy-to-neni-konec-to-je-koruna\/\" target=\"_self\" rel=\"bookmark noopener noreferrer\">Silver hair? That&#039;s not the end. That&#039;s the crown.<\/a>\n\t\t\t<\/h4>\n\t\t\t\t\t\t<div class='uagb-post__text uagb-post-grid-byline'>\n\t\t\t\t\t\t\t<\/div>\n\t\t\t\t\t\t\t<div class='uagb-post__text uagb-post__excerpt'>\n\t\t\t\t\tSilver hair is not a loss. It is not a resignation. It is a story. Every strand is a little\u2026\t\t\t\t<\/div>\n\t\t\t\t\t\t<div class=\"uagb-post__text uagb-post__cta wp-block-button\">\n\t\t\t\t<a class=\"wp-block-button__link uagb-text-link\" style=\"\" href=\"https:\/\/velkeholky.org\/en\/stribrne-vlasy-to-neni-konec-to-je-koruna\/\" target=\"_self\" rel=\"bookmark noopener noreferrer\">Read More<\/a>\n\t\t\t<\/div>\n\t\t\t\n\t\t\t\t\t\t\t\t\t<\/article>\n\t\t\t\t\t\t\t\t\t\t\t\t\t\t\t\t<article class=\"uagb-post__inner-wrap\">\t\t\t\t\t\t\t\t<div class='uagb-post__image'>\n\t\t\t\t\t\t\t\t\t<a href=\"https:\/\/velkeholky.org\/en\/cervena-rtenka-neni-jen-na-cerveny-koberec\/\" target=\"_self\" rel=\"bookmark noopener noreferrer\" class='uagb-image-ratio-inherit'><img loading=\"lazy\" decoding=\"async\" width=\"150\" height=\"150\" src=\"https:\/\/velkeholky.org\/wp-content\/uploads\/2025\/11\/ruda-rtenka-150x150.png\" class=\"attachment-thumbnail size-thumbnail\" alt=\"Detailn\u00ed \u010dernob\u00edl\u00fd portr\u00e9t \u017eeny s kloboukem, kter\u00fd zakr\u00fdv\u00e1 horn\u00ed \u010d\u00e1st obli\u010deje. Dominantou jsou v\u00fdrazn\u00e9, leskl\u00e9 \u010derven\u00e9 rty. Minimalistick\u00fd, elegantn\u00ed, \u017eensk\u00fd styl.\" srcset=\"https:\/\/velkeholky.org\/wp-content\/uploads\/2025\/11\/ruda-rtenka-150x150.png 150w, https:\/\/velkeholky.org\/wp-content\/uploads\/2025\/11\/ruda-rtenka-300x300.png 300w, https:\/\/velkeholky.org\/wp-content\/uploads\/2025\/11\/ruda-rtenka-75x75.png 75w\" sizes=\"auto, (max-width: 150px) 100vw, 150px\" \/>\t\t\t\t\t<\/a>\n\t\t\t\t\t\t\t<\/div>\n\t\t\t\t\t\t<h4 class=\"uagb-post__title uagb-post__text\">\n\t\t\t\t<a href=\"https:\/\/velkeholky.org\/en\/cervena-rtenka-neni-jen-na-cerveny-koberec\/\" target=\"_self\" rel=\"bookmark noopener noreferrer\">Red lipstick isn&#039;t just for the red carpet<\/a>\n\t\t\t<\/h4>\n\t\t\t\t\t\t<div class='uagb-post__text uagb-post-grid-byline'>\n\t\t\t\t\t\t\t<\/div>\n\t\t\t\t\t\t\t<div class='uagb-post__text uagb-post__excerpt'>\n\t\t\t\t\t\u010cerven\u00e1 rt\u011bnka m\u00e1 pov\u011bst. Dramatick\u00e1. Odv\u00e1\u017en\u00e1. Trochu rebelsk\u00e1. A pr\u00e1v\u011b proto jsme ji&#8230;\t\t\t\t<\/div>\n\t\t\t\t\t\t<div class=\"uagb-post__text uagb-post__cta wp-block-button\">\n\t\t\t\t<a class=\"wp-block-button__link uagb-text-link\" style=\"\" href=\"https:\/\/velkeholky.org\/en\/cervena-rtenka-neni-jen-na-cerveny-koberec\/\" target=\"_self\" rel=\"bookmark noopener noreferrer\">Read More<\/a>\n\t\t\t<\/div>\n\t\t\t\n\t\t\t\t\t\t\t\t\t<\/article>\n\t\t\t\t\t\t\t\t\t\t\t\t\t\t\t\t<article class=\"uagb-post__inner-wrap\">\t\t\t\t\t\t\t\t<div class='uagb-post__image'>\n\t\t\t\t\t\t\t\t\t<a href=\"https:\/\/velkeholky.org\/en\/jak-poznam-ze-budu-dobre-starnout-a-neni-to-jedno\/\" target=\"_self\" rel=\"bookmark noopener noreferrer\" class='uagb-image-ratio-inherit'><img loading=\"lazy\" decoding=\"async\" width=\"150\" height=\"150\" src=\"https:\/\/velkeholky.org\/wp-content\/uploads\/2025\/11\/Jak-budeme-starnout-150x150.png\" class=\"attachment-thumbnail size-thumbnail\" alt=\"Detailn\u00ed \u010dernob\u00edl\u00e1 fotografie letokruh\u016f d\u0159eva. Viditeln\u00e9 soust\u0159edn\u00e9 kruhy symbolizuj\u00ed roky a r\u016fst. V obr\u00e1zku je um\u00edst\u011bn\u00fd n\u00e1pis \u201eSt\u00e1\u0159\u00ed je v\u00fdsada. Ka\u017ed\u00fd rok nav\u00edc je dar.\u201c\" srcset=\"https:\/\/velkeholky.org\/wp-content\/uploads\/2025\/11\/Jak-budeme-starnout-150x150.png 150w, https:\/\/velkeholky.org\/wp-content\/uploads\/2025\/11\/Jak-budeme-starnout-300x300.png 300w, https:\/\/velkeholky.org\/wp-content\/uploads\/2025\/11\/Jak-budeme-starnout-768x768.png 768w, https:\/\/velkeholky.org\/wp-content\/uploads\/2025\/11\/Jak-budeme-starnout-12x12.png 12w, https:\/\/velkeholky.org\/wp-content\/uploads\/2025\/11\/Jak-budeme-starnout-75x75.png 75w, https:\/\/velkeholky.org\/wp-content\/uploads\/2025\/11\/Jak-budeme-starnout.png 1024w\" sizes=\"auto, (max-width: 150px) 100vw, 150px\" \/>\t\t\t\t\t<\/a>\n\t\t\t\t\t\t\t<\/div>\n\t\t\t\t\t\t<h4 class=\"uagb-post__title uagb-post__text\">\n\t\t\t\t<a href=\"https:\/\/velkeholky.org\/en\/jak-poznam-ze-budu-dobre-starnout-a-neni-to-jedno\/\" target=\"_self\" rel=\"bookmark noopener noreferrer\">How do I know I will age well? (and does it matter?)<\/a>\n\t\t\t<\/h4>\n\t\t\t\t\t\t<div class='uagb-post__text uagb-post-grid-byline'>\n\t\t\t\t\t\t\t<\/div>\n\t\t\t\t\t\t\t<div class='uagb-post__text uagb-post__excerpt'>\n\t\t\t\t\tAge is just a number: Age is influenced not only by calendar age, but also by attitude towards\u2026\t\t\t\t<\/div>\n\t\t\t\t\t\t<div class=\"uagb-post__text uagb-post__cta wp-block-button\">\n\t\t\t\t<a class=\"wp-block-button__link uagb-text-link\" style=\"\" href=\"https:\/\/velkeholky.org\/en\/jak-poznam-ze-budu-dobre-starnout-a-neni-to-jedno\/\" target=\"_self\" rel=\"bookmark noopener noreferrer\">Read More<\/a>\n\t\t\t<\/div>\n\t\t\t\n\t\t\t\t\t\t\t\t\t<\/article>\n\t\t\t\t\t\t\t\t\t\t\t\t\t<div class=\"uagb-post-pagination-wrap\">\n\t\t\t\t\t\t\t\t\t\t\t<\/div>\n\t\t\t\t\t\t\t\t<\/div>\n\t\t\t\n\n\n\n\n\n\n\n\n\n\n\n\n<p style=\"font-size: 1.2rem; font-style: italic; text-align: center; color: #DC143C; margin-bottom: 20px;\">\n  Age is just a number. But style is forever. \ud83d\udc9c\n<\/p>\n<\/div>\n\n\n\n<div style=\"background:#FFC0CB; padding: 20px; border-radius: 12px; text-align: center; margin-top: 40px;\">\n  <p style=\"font-size: 1.2rem; font-weight: bold; color: #DC143C;\">Follow us on social media  \ud83d\udc9c<\/p>\n\n  <a href=\"https:\/\/www.facebook.com\/profile.php?id=61572507782295\" target=\"_blank\" style=\"margin: 10px; display: inline-block;\">\n    <img decoding=\"async\" src=\"https:\/\/cdn.jsdelivr.net\/npm\/simple-icons@v9\/icons\/facebook.svg\" alt=\"Facebook\" width=\"36\" style=\"filter: invert(21%) sepia(56%) saturate(1439%) hue-rotate(206deg) brightness(91%) contrast(90%);\">\n  <\/a>\n\n  <a href=\"https:\/\/www.instagram.com\/velke_holky_40_50plus\/\" target=\"_blank\" style=\"margin: 10px; display: inline-block;\">\n    <img decoding=\"async\" src=\"https:\/\/cdn.jsdelivr.net\/npm\/simple-icons@v9\/icons\/instagram.svg\" alt=\"Instagram\" width=\"36\" style=\"filter: invert(21%) sepia(56%) saturate(1439%) hue-rotate(292deg) brightness(91%) contrast(90%);\">\n  <\/a>\n\n  <a href=\"https:\/\/www.youtube.com\/@DanielaS-VelkeHolky\/featured\" target=\"_blank\" style=\"margin: 10px; display: inline-block;\">\n    <img decoding=\"async\" src=\"https:\/\/cdn.jsdelivr.net\/npm\/simple-icons@v9\/icons\/youtube.svg\" alt=\"YouTube\" width=\"36\" style=\"filter: invert(21%) sepia(56%) saturate(1439%) hue-rotate(352deg) brightness(91%) contrast(90%);\">\n  <\/a>\n\n<a href=\"https:\/\/www.threads.com\/@velke_holky_40_50plus\" target=\"_blank\" style=\"margin: 10px; display: inline-block; width: 36px; height: 36px;\">\n  <img decoding=\"async\" src=\"https:\/\/velkeholky.org\/wp-content\/uploads\/2025\/06\/TH.jpg\" alt=\"Threads\" style=\"width: 100%; height: 100%; border-radius: 50%; object-fit: cover; box-shadow: 0 0 4px rgba(0,0,0,0.2);\">\n<\/a>\n\n<\/div>\n\n\n\n<div class=\"wp-block-uagb-advanced-heading uagb-block-10a0ff86\"><h3 class=\"uagb-heading-text\"><em>Inspire others \u2013 and share with your girlfriends\u2026&nbsp;<\/em>\u2026<\/h3><\/div>\n\n\n\n\n\n<p><\/p>","protected":false},"excerpt":{"rendered":"<p>Elegantn\u00ed rebelie proti stereotyp\u016fm o st\u00e1rnut\u00ed. P\u00e9\u010de, kter\u00e1 respektuje moudrost t\u011bla a z\u00e1rove\u0148 ho rozmazluje. Kosmetika, ritu\u00e1ly, styl \u2013 pro \u017eeny, kter\u00e9 se neboj\u00ed z\u00e1\u0159it. Nejnov\u011bj\u0161\u00ed \u010dl\u00e1nky: Nej\u010dten\u011bj\u0161\u00ed \u010dl\u00e1nky: \u201eV\u011bk je jen \u010d\u00edslo. Ale styl je v\u011b\u010dn\u00fd.\u201c \ud83d\udc9c Sleduj n\u00e1s na s\u00edt\u00edch \ud83d\udc9c Inspiruj ostatn\u00ed a sd\u00edlej s kamar\u00e1dkami&nbsp;\u2026<\/p>","protected":false},"author":1,"featured_media":3818,"parent":0,"menu_order":0,"comment_status":"closed","ping_status":"closed","template":"","meta":{"_uag_custom_page_level_css":"","footnotes":""},"class_list":["post-3902","page","type-page","status-publish","has-post-thumbnail","hentry"],"aioseo_notices":[],"uagb_featured_image_src":{"full":["https:\/\/velkeholky.org\/wp-content\/uploads\/2025\/06\/Krasa.png",1333,2000,false],"thumbnail":["https:\/\/velkeholky.org\/wp-content\/uploads\/2025\/06\/Krasa-150x150.png",150,150,true],"medium":["https:\/\/velkeholky.org\/wp-content\/uploads\/2025\/06\/Krasa-200x300.png",200,300,true],"medium_large":["https:\/\/velkeholky.org\/wp-content\/uploads\/2025\/06\/Krasa-768x1152.png",768,1152,true],"large":["https:\/\/velkeholky.org\/wp-content\/uploads\/2025\/06\/Krasa-682x1024.png",682,1024,true],"1536x1536":["https:\/\/velkeholky.org\/wp-content\/uploads\/2025\/06\/Krasa-1024x1536.png",1024,1536,true],"2048x2048":["https:\/\/velkeholky.org\/wp-content\/uploads\/2025\/06\/Krasa.png",1333,2000,false],"trp-custom-language-flag":["https:\/\/velkeholky.org\/wp-content\/uploads\/2025\/06\/Krasa-8x12.png",8,12,true],"ashe-slider-full-thumbnail":["https:\/\/velkeholky.org\/wp-content\/uploads\/2025\/06\/Krasa-1080x540.png",1080,540,true],"ashe-full-thumbnail":["https:\/\/velkeholky.org\/wp-content\/uploads\/2025\/06\/Krasa-1140x1710.png",1140,1710,true],"ashe-list-thumbnail":["https:\/\/velkeholky.org\/wp-content\/uploads\/2025\/06\/Krasa-300x300.png",300,300,true],"ashe-grid-thumbnail":["https:\/\/velkeholky.org\/wp-content\/uploads\/2025\/06\/Krasa-500x330.png",500,330,true],"ashe-single-navigation":["https:\/\/velkeholky.org\/wp-content\/uploads\/2025\/06\/Krasa-75x75.png",75,75,true]},"uagb_author_info":{"display_name":"S l\u00e1skou Daniela \ud83d\udc9c","author_link":"https:\/\/velkeholky.org\/en\/author\/velkeholkygmail-com\/"},"uagb_comment_info":0,"uagb_excerpt":"Elegantn\u00ed rebelie proti stereotyp\u016fm o st\u00e1rnut\u00ed. P\u00e9\u010de, kter\u00e1 respektuje moudrost t\u011bla a z\u00e1rove\u0148 ho rozmazluje. Kosmetika, ritu\u00e1ly, styl \u2013 pro \u017eeny, kter\u00e9 se neboj\u00ed z\u00e1\u0159it. Nejnov\u011bj\u0161\u00ed \u010dl\u00e1nky: Nej\u010dten\u011bj\u0161\u00ed \u010dl\u00e1nky: \u201eV\u011bk je jen \u010d\u00edslo. Ale styl je v\u011b\u010dn\u00fd.\u201c \ud83d\udc9c Sleduj n\u00e1s na s\u00edt\u00edch \ud83d\udc9c Inspiruj ostatn\u00ed a sd\u00edlej s kamar\u00e1dkami&nbsp;\u2026","_links":{"self":[{"href":"https:\/\/velkeholky.org\/en\/wp-json\/wp\/v2\/pages\/3902","targetHints":{"allow":["GET"]}}],"collection":[{"href":"https:\/\/velkeholky.org\/en\/wp-json\/wp\/v2\/pages"}],"about":[{"href":"https:\/\/velkeholky.org\/en\/wp-json\/wp\/v2\/types\/page"}],"author":[{"embeddable":true,"href":"https:\/\/velkeholky.org\/en\/wp-json\/wp\/v2\/users\/1"}],"replies":[{"embeddable":true,"href":"https:\/\/velkeholky.org\/en\/wp-json\/wp\/v2\/comments?post=3902"}],"version-history":[{"count":15,"href":"https:\/\/velkeholky.org\/en\/wp-json\/wp\/v2\/pages\/3902\/revisions"}],"predecessor-version":[{"id":4402,"href":"https:\/\/velkeholky.org\/en\/wp-json\/wp\/v2\/pages\/3902\/revisions\/4402"}],"wp:featuredmedia":[{"embeddable":true,"href":"https:\/\/velkeholky.org\/en\/wp-json\/wp\/v2\/media\/3818"}],"wp:attachment":[{"href":"https:\/\/velkeholky.org\/en\/wp-json\/wp\/v2\/media?parent=3902"}],"curies":[{"name":"wp","href":"https:\/\/api.w.org\/{rel}","templated":true}]}}