{"id":3883,"date":"2025-06-16T07:58:27","date_gmt":"2025-06-16T07:58:27","guid":{"rendered":"https:\/\/velkeholky.org\/?page_id=3883"},"modified":"2025-09-28T13:48:23","modified_gmt":"2025-09-28T13:48:23","slug":"inspirace-zabava","status":"publish","type":"page","link":"https:\/\/velkeholky.org\/en\/inspirace-zabava\/","title":{"rendered":"Inspiration &amp; Fun"},"content":{"rendered":"<div class=\"wp-block-group\"><div class=\"wp-block-group__inner-container is-layout-constrained wp-block-group-is-layout-constrained\">\n<div class=\"wp-block-buttons is-content-justification-center is-layout-flex wp-container-core-buttons-is-layout-a89b3969 wp-block-buttons-is-layout-flex\">\n<div class=\"wp-block-button is-style-outline is-style-outline--1\"><a class=\"wp-block-button__link has-luminous-vivid-orange-color has-text-color has-background has-link-color has-medium-font-size has-text-align-center has-custom-font-size wp-element-button\" href=\"https:\/\/velkeholky.org\/en\/category\/https-velkeholky-org-inspirace-zabava\/\" style=\"border-radius:80px;background:linear-gradient(135deg,rgb(252,185,0) 79%,rgb(255,105,0) 100%)\"><strong>All Articles<\/strong><\/a><\/div>\n<\/div>\n<\/div><\/div>\n\n\n\n<div style=\"text-align: center; padding: 10px 20px; max-width: 800px; margin: auto;\">\n  <p style=\"font-size: 1.1rem; color: #555;\">\n    A place to breathe freely.\nCoffee with friends, light reading, little joys and big ideas \u2013 the kind that lift you from your chair and out of a low mood.\nShare, get inspired, and allow yourself to be here \u2013 for yourself and for others.\n\n  <\/p>\n<\/div>\n\n\n\n<div class=\"wp-block-uagb-advanced-heading uagb-block-158cb3b2\"><h1 class=\"uagb-heading-text\"><em>Latest Articles:<\/em><\/h1><\/div>\n\n\n\n\n\n\t\t\t<div class=\"wp-block-uagb-post-grid uagb-post-grid  uagb-post__image-position-top uagb-post__image-enabled uagb-block-1a8063d6     uagb-post__items uagb-post__columns-3 is-grid uagb-post__columns-tablet-2 uagb-post__columns-mobile-1 uagb-post__equal-height\" data-total=\"13\" style=\"\">\n\n\t\t\t\t\t\t\t\t\t\t\t\t<article class=\"uagb-post__inner-wrap\">\t\t\t\t\t\t\t\t<div class='uagb-post__image'>\n\t\t\t\t\t\t\t\t\t<a href=\"https:\/\/velkeholky.org\/en\/prestavame-mluvit-cesky-a-skoro-si-toho-nevsimame\/\" target=\"_self\" rel=\"bookmark noopener noreferrer\" class='uagb-image-ratio-inherit'><img loading=\"lazy\" decoding=\"async\" width=\"150\" height=\"150\" src=\"https:\/\/velkeholky.org\/wp-content\/uploads\/2026\/04\/cestina-150x150.png\" class=\"attachment-thumbnail size-thumbnail\" alt=\"Fotorealistick\u00fd portr\u00e9t \u017eeny zamy\u0161len\u00e9 nad \u010deskou identitou, vedle n\u00ed \u010desk\u00e1 vlajka rozpadaj\u00edc\u00ed se na fragmenty, symbol ztr\u00e1ty jazyka a kulturn\u00ed identity\" srcset=\"https:\/\/velkeholky.org\/wp-content\/uploads\/2026\/04\/cestina-150x150.png 150w, https:\/\/velkeholky.org\/wp-content\/uploads\/2026\/04\/cestina-300x300.png 300w, https:\/\/velkeholky.org\/wp-content\/uploads\/2026\/04\/cestina-75x75.png 75w\" sizes=\"auto, (max-width: 150px) 100vw, 150px\" \/>\t\t\t\t\t<\/a>\n\t\t\t\t\t\t\t<\/div>\n\t\t\t\t\t\t<h4 class=\"uagb-post__title uagb-post__text\">\n\t\t\t\t<a href=\"https:\/\/velkeholky.org\/en\/prestavame-mluvit-cesky-a-skoro-si-toho-nevsimame\/\" target=\"_self\" rel=\"bookmark noopener noreferrer\">We stop speaking Czech. And we hardly notice it!<\/a>\n\t\t\t<\/h4>\n\t\t\t\t\t\t<div class='uagb-post__text uagb-post-grid-byline'>\n\t\t\t\t\t\t\t<\/div>\n\t\t\t\t\t\t\t<div class='uagb-post__text uagb-post__excerpt'>\n\t\t\t\t\t\u201eThe boundaries of my language are the boundaries of my world.\u201c So the question is not how many English words we use. The question\u2026\t\t\t\t<\/div>\n\t\t\t\t\t\t<div class=\"uagb-post__text uagb-post__cta wp-block-button\">\n\t\t\t\t<a class=\"wp-block-button__link uagb-text-link\" style=\"\" href=\"https:\/\/velkeholky.org\/en\/prestavame-mluvit-cesky-a-skoro-si-toho-nevsimame\/\" target=\"_self\" rel=\"bookmark noopener noreferrer\">Read More<\/a>\n\t\t\t<\/div>\n\t\t\t\n\t\t\t\t\t\t\t\t\t<\/article>\n\t\t\t\t\t\t\t\t\t\t\t\t\t\t\t\t<article class=\"uagb-post__inner-wrap\">\t\t\t\t\t\t\t\t<div class='uagb-post__image'>\n\t\t\t\t\t\t\t\t\t<a href=\"https:\/\/velkeholky.org\/en\/patek-trinacteho-cerna-kocka-a-ta-rozsypana-sul\/\" target=\"_self\" rel=\"bookmark noopener noreferrer\" class='uagb-image-ratio-inherit'><img loading=\"lazy\" decoding=\"async\" width=\"150\" height=\"150\" src=\"https:\/\/velkeholky.org\/wp-content\/uploads\/2026\/03\/Povery-150x150.png\" class=\"attachment-thumbnail size-thumbnail\" alt=\"\u010cern\u00e1 ko\u010dka sed\u00ed na d\u0159ev\u011bn\u00e9m stole vedle rozsypan\u00e9 soli a rozbit\u00e9ho zrcadla, vedle hrnku s k\u00e1vou \u2013 symboly pov\u011br spojen\u00fdch i s p\u00e1tkem t\u0159in\u00e1ct\u00e9ho.\" srcset=\"https:\/\/velkeholky.org\/wp-content\/uploads\/2026\/03\/Povery-150x150.png 150w, https:\/\/velkeholky.org\/wp-content\/uploads\/2026\/03\/Povery-300x300.png 300w, https:\/\/velkeholky.org\/wp-content\/uploads\/2026\/03\/Povery-75x75.png 75w\" sizes=\"auto, (max-width: 150px) 100vw, 150px\" \/>\t\t\t\t\t<\/a>\n\t\t\t\t\t\t\t<\/div>\n\t\t\t\t\t\t<h4 class=\"uagb-post__title uagb-post__text\">\n\t\t\t\t<a href=\"https:\/\/velkeholky.org\/en\/patek-trinacteho-cerna-kocka-a-ta-rozsypana-sul\/\" target=\"_self\" rel=\"bookmark noopener noreferrer\">Friday the 13th, the black cat and the spilled salt<\/a>\n\t\t\t<\/h4>\n\t\t\t\t\t\t<div class='uagb-post__text uagb-post-grid-byline'>\n\t\t\t\t\t\t\t<\/div>\n\t\t\t\t\t\t\t<div class='uagb-post__text uagb-post__excerpt'>\n\t\t\t\t\tFriday the 13th, a black cat crossing the road or spilled salt on the table. Reason gives us\u2026\t\t\t\t<\/div>\n\t\t\t\t\t\t<div class=\"uagb-post__text uagb-post__cta wp-block-button\">\n\t\t\t\t<a class=\"wp-block-button__link uagb-text-link\" style=\"\" href=\"https:\/\/velkeholky.org\/en\/patek-trinacteho-cerna-kocka-a-ta-rozsypana-sul\/\" target=\"_self\" rel=\"bookmark noopener noreferrer\">Read More<\/a>\n\t\t\t<\/div>\n\t\t\t\n\t\t\t\t\t\t\t\t\t<\/article>\n\t\t\t\t\t\t\t\t\t\t\t\t\t\t\t\t<article class=\"uagb-post__inner-wrap\">\t\t\t\t\t\t\t\t<div class='uagb-post__image'>\n\t\t\t\t\t\t\t\t\t<a href=\"https:\/\/velkeholky.org\/en\/samomluva-dialog-s-nejlepsim-clovekem-v-mistnosti\/\" target=\"_self\" rel=\"bookmark noopener noreferrer\" class='uagb-image-ratio-inherit'><img loading=\"lazy\" decoding=\"async\" width=\"150\" height=\"150\" src=\"https:\/\/velkeholky.org\/wp-content\/uploads\/2026\/02\/samomluva-150x150.png\" class=\"attachment-thumbnail size-thumbnail\" alt=\"\u017dena 50+ stoj\u00ed p\u0159ed zrcadlem v denn\u00edm sv\u011btle, ukazuje na sv\u016fj odraz, kter\u00fd se usm\u00edv\u00e1 a tlesk\u00e1. Motiv radostn\u00e9 samomluvy a vnit\u0159n\u00edho dialogu.\" srcset=\"https:\/\/velkeholky.org\/wp-content\/uploads\/2026\/02\/samomluva-150x150.png 150w, https:\/\/velkeholky.org\/wp-content\/uploads\/2026\/02\/samomluva-300x300.png 300w, https:\/\/velkeholky.org\/wp-content\/uploads\/2026\/02\/samomluva-75x75.png 75w\" sizes=\"auto, (max-width: 150px) 100vw, 150px\" \/>\t\t\t\t\t<\/a>\n\t\t\t\t\t\t\t<\/div>\n\t\t\t\t\t\t<h4 class=\"uagb-post__title uagb-post__text\">\n\t\t\t\t<a href=\"https:\/\/velkeholky.org\/en\/samomluva-dialog-s-nejlepsim-clovekem-v-mistnosti\/\" target=\"_self\" rel=\"bookmark noopener noreferrer\">Monologue: Dialogue with the best person in the room!<\/a>\n\t\t\t<\/h4>\n\t\t\t\t\t\t<div class='uagb-post__text uagb-post-grid-byline'>\n\t\t\t\t\t\t\t<\/div>\n\t\t\t\t\t\t\t<div class='uagb-post__text uagb-post__excerpt'>\n\t\t\t\t\tOne speaks. The other listens, laughs and applauds. Because sometimes the smartest one is...\t\t\t\t<\/div>\n\t\t\t\t\t\t<div class=\"uagb-post__text uagb-post__cta wp-block-button\">\n\t\t\t\t<a class=\"wp-block-button__link uagb-text-link\" style=\"\" href=\"https:\/\/velkeholky.org\/en\/samomluva-dialog-s-nejlepsim-clovekem-v-mistnosti\/\" target=\"_self\" rel=\"bookmark noopener noreferrer\">Read More<\/a>\n\t\t\t<\/div>\n\t\t\t\n\t\t\t\t\t\t\t\t\t<\/article>\n\t\t\t\t\t\t\t\t\t\t\t<\/div>\n\t\t\t\n\n\n<div class=\"wp-block-uagb-advanced-heading uagb-block-2ca72acf\"><h1 class=\"uagb-heading-text\"><em>Top Reads:<\/em><\/h1><\/div>\n\n\n\n\n\n\t\t\t<div class=\"wp-block-uagb-post-grid uagb-post-grid  uagb-post__image-position-top uagb-post__image-enabled uagb-block-16b896dd     uagb-post__items uagb-post__columns-3 is-grid uagb-post__columns-tablet-2 uagb-post__columns-mobile-1 uagb-post__equal-height\" data-total=\"13\" style=\"\">\n\n\t\t\t\t\t\t\t\t\t\t\t\t<article class=\"uagb-post__inner-wrap\">\t\t\t\t\t\t\t\t<div class='uagb-post__image'>\n\t\t\t\t\t\t\t\t\t<a href=\"https:\/\/velkeholky.org\/en\/nejpodivnejsi-vanocni-zvyky-z-celeho-sveta\/\" target=\"_self\" rel=\"bookmark noopener noreferrer\" class='uagb-image-ratio-inherit'><img loading=\"lazy\" decoding=\"async\" width=\"150\" height=\"150\" src=\"https:\/\/velkeholky.org\/wp-content\/uploads\/2025\/11\/vanocni-zvyka-ve-sveta-150x150.png\" class=\"attachment-thumbnail size-thumbnail\" alt=\"Stylov\u00e1 vintage mapa sv\u011bta s ilustracemi v\u00e1no\u010dn\u00edch tradic z r\u016fzn\u00fdch zem\u00ed \u2013 islandsk\u00e1 v\u00e1no\u010dn\u00ed ko\u010dka, ukrajinsk\u00fd pavouk, D\u011bda Mr\u00e1z z Ruska, brusla\u0159i z Venezuely, p\u00e1l\u00edc\u00ed poleno z Litvy, Santa na lodi z Havaje a dal\u0161\u00ed symboly zobrazuj\u00edc\u00ed, jak se slav\u00ed V\u00e1noce po cel\u00e9m sv\u011bt\u011b.\" srcset=\"https:\/\/velkeholky.org\/wp-content\/uploads\/2025\/11\/vanocni-zvyka-ve-sveta-150x150.png 150w, https:\/\/velkeholky.org\/wp-content\/uploads\/2025\/11\/vanocni-zvyka-ve-sveta-300x300.png 300w, https:\/\/velkeholky.org\/wp-content\/uploads\/2025\/11\/vanocni-zvyka-ve-sveta-75x75.png 75w\" sizes=\"auto, (max-width: 150px) 100vw, 150px\" \/>\t\t\t\t\t<\/a>\n\t\t\t\t\t\t\t<\/div>\n\t\t\t\t\t\t<h4 class=\"uagb-post__title uagb-post__text\">\n\t\t\t\t<a href=\"https:\/\/velkeholky.org\/en\/nejpodivnejsi-vanocni-zvyky-z-celeho-sveta\/\" target=\"_self\" rel=\"bookmark noopener noreferrer\">The strangest Christmas customs from around the world<\/a>\n\t\t\t<\/h4>\n\t\t\t\t\t\t<div class='uagb-post__text uagb-post-grid-byline'>\n\t\t\t\t\t\t\t<\/div>\n\t\t\t\t\t\t\t<div class='uagb-post__text uagb-post__excerpt'>\n\t\t\t\t\tHow to celebrate Christmas outside our bubble of snow, carp and salad \ud83d\ude0b When you think...\t\t\t\t<\/div>\n\t\t\t\t\t\t<div class=\"uagb-post__text uagb-post__cta wp-block-button\">\n\t\t\t\t<a class=\"wp-block-button__link uagb-text-link\" style=\"\" href=\"https:\/\/velkeholky.org\/en\/nejpodivnejsi-vanocni-zvyky-z-celeho-sveta\/\" target=\"_self\" rel=\"bookmark noopener noreferrer\">Read More<\/a>\n\t\t\t<\/div>\n\t\t\t\n\t\t\t\t\t\t\t\t\t<\/article>\n\t\t\t\t\t\t\t\t\t\t\t\t\t\t\t\t<article class=\"uagb-post__inner-wrap\">\t\t\t\t\t\t\t\t<div class='uagb-post__image'>\n\t\t\t\t\t\t\t\t\t<a href=\"https:\/\/velkeholky.org\/en\/30-jemnych-novorocnich-predsevzeti-pro-velke-holky\/\" target=\"_self\" rel=\"bookmark noopener noreferrer\" class='uagb-image-ratio-inherit'><img loading=\"lazy\" decoding=\"async\" width=\"150\" height=\"150\" src=\"https:\/\/velkeholky.org\/wp-content\/uploads\/2026\/01\/novorocni-oredse-vzeti-150x150.jpg\" class=\"attachment-thumbnail size-thumbnail\" alt=\"\u201e\u017densk\u00e9 ruce p\u00ed\u0161\u00ed do elegantn\u00edho z\u00e1pisn\u00edku jemn\u00e1 novoro\u010dn\u00ed p\u0159edsevzet\u00ed. Klidn\u00e1 atmosf\u00e9ra, \u0161\u00e1lek \u010daje a sv\u00ed\u010dka \u2013 chv\u00edle tich\u00e9ho bilancov\u00e1n\u00ed na prahu nov\u00e9ho roku pro \u017eeny 50+.\u201c\" srcset=\"https:\/\/velkeholky.org\/wp-content\/uploads\/2026\/01\/novorocni-oredse-vzeti-150x150.jpg 150w, https:\/\/velkeholky.org\/wp-content\/uploads\/2026\/01\/novorocni-oredse-vzeti-300x300.jpg 300w, https:\/\/velkeholky.org\/wp-content\/uploads\/2026\/01\/novorocni-oredse-vzeti-75x75.jpg 75w\" sizes=\"auto, (max-width: 150px) 100vw, 150px\" \/>\t\t\t\t\t<\/a>\n\t\t\t\t\t\t\t<\/div>\n\t\t\t\t\t\t<h4 class=\"uagb-post__title uagb-post__text\">\n\t\t\t\t<a href=\"https:\/\/velkeholky.org\/en\/30-jemnych-novorocnich-predsevzeti-pro-velke-holky\/\" target=\"_self\" rel=\"bookmark noopener noreferrer\">30 Gentle New Year&#039;s Resolutions for Big Girls<\/a>\n\t\t\t<\/h4>\n\t\t\t\t\t\t<div class='uagb-post__text uagb-post-grid-byline'>\n\t\t\t\t\t\t\t<\/div>\n\t\t\t\t\t\t\t<div class='uagb-post__text uagb-post__excerpt'>\n\t\t\t\t\t30 Gentle New Year&#039;s Resolutions for Big Girls - The world is one big laid out menu...\t\t\t\t<\/div>\n\t\t\t\t\t\t<div class=\"uagb-post__text uagb-post__cta wp-block-button\">\n\t\t\t\t<a class=\"wp-block-button__link uagb-text-link\" style=\"\" href=\"https:\/\/velkeholky.org\/en\/30-jemnych-novorocnich-predsevzeti-pro-velke-holky\/\" target=\"_self\" rel=\"bookmark noopener noreferrer\">Read More<\/a>\n\t\t\t<\/div>\n\t\t\t\n\t\t\t\t\t\t\t\t\t<\/article>\n\t\t\t\t\t\t\t\t\t\t\t\t\t\t\t\t<article class=\"uagb-post__inner-wrap\">\t\t\t\t\t\t\t\t<div class='uagb-post__image'>\n\t\t\t\t\t\t\t\t\t<a href=\"https:\/\/velkeholky.org\/en\/valentyn-po-padesatce-jako-pripominka-ne-povinnost%e2%9d%a3\/\" target=\"_self\" rel=\"bookmark noopener noreferrer\" class='uagb-image-ratio-inherit'><img loading=\"lazy\" decoding=\"async\" width=\"150\" height=\"150\" src=\"https:\/\/velkeholky.org\/wp-content\/uploads\/2026\/02\/valentyn-150x150.png\" class=\"attachment-thumbnail size-thumbnail\" alt=\"Zral\u00fd p\u00e1r kolem pades\u00e1tky kr\u00e1\u010d\u00ed evropskou historickou ulic\u00ed, symbol klidn\u00e9 a hlubok\u00e9 l\u00e1sky. P\u00e1r po pades\u00e1tce v evropsk\u00e9m m\u011bst\u011b slav\u00ed Valent\u00fdn bez k\u00fd\u010de.\" srcset=\"https:\/\/velkeholky.org\/wp-content\/uploads\/2026\/02\/valentyn-150x150.png 150w, https:\/\/velkeholky.org\/wp-content\/uploads\/2026\/02\/valentyn-300x300.png 300w, https:\/\/velkeholky.org\/wp-content\/uploads\/2026\/02\/valentyn-75x75.png 75w\" sizes=\"auto, (max-width: 150px) 100vw, 150px\" \/>\t\t\t\t\t<\/a>\n\t\t\t\t\t\t\t<\/div>\n\t\t\t\t\t\t<h4 class=\"uagb-post__title uagb-post__text\">\n\t\t\t\t<a href=\"https:\/\/velkeholky.org\/en\/valentyn-po-padesatce-jako-pripominka-ne-povinnost%e2%9d%a3\/\" target=\"_self\" rel=\"bookmark noopener noreferrer\">Valentine&#039;s Day after fifty, as a reminder, not an obligation\u2763<\/a>\n\t\t\t<\/h4>\n\t\t\t\t\t\t<div class='uagb-post__text uagb-post-grid-byline'>\n\t\t\t\t\t\t\t<\/div>\n\t\t\t\t\t\t\t<div class='uagb-post__text uagb-post__excerpt'>\n\t\t\t\t\tThe fact that Valentine&#039;s Day returned to the public sphere more significantly only after 1989...\t\t\t\t<\/div>\n\t\t\t\t\t\t<div class=\"uagb-post__text uagb-post__cta wp-block-button\">\n\t\t\t\t<a class=\"wp-block-button__link uagb-text-link\" style=\"\" href=\"https:\/\/velkeholky.org\/en\/valentyn-po-padesatce-jako-pripominka-ne-povinnost%e2%9d%a3\/\" target=\"_self\" rel=\"bookmark noopener noreferrer\">Read More<\/a>\n\t\t\t<\/div>\n\t\t\t\n\t\t\t\t\t\t\t\t\t<\/article>\n\t\t\t\t\t\t\t\t\t\t\t\t\t<div class=\"uagb-post-pagination-wrap\">\n\t\t\t\t\t\t\t\t\t\t\t<\/div>\n\t\t\t\t\t\t\t\t<\/div>\n\t\t\t\n\n\n\n\n\n\n\n\n\n\n\n\n<p style=\"font-size: 1.2rem; font-style: italic; text-align: center; color: #FF4500; margin-bottom: 20px;\">\n  Age is just a number. But style is forever. \ud83d\udc9c\n<\/p>\n\n\n\n<div style=\"background:#FFDAB9; padding: 20px; border-radius: 12px; text-align: center; margin-top: 40px;\">\n  <p style=\"font-size: 1.2rem; font-weight: bold; color: #FF4500;\">Follow us on social media  \ud83d\udc9c<\/p>\n\n  <a href=\"https:\/\/www.facebook.com\/profile.php?id=61572507782295\" target=\"_blank\" style=\"margin: 10px; display: inline-block;\">\n    <img decoding=\"async\" src=\"https:\/\/cdn.jsdelivr.net\/npm\/simple-icons@v9\/icons\/facebook.svg\" alt=\"Facebook\" width=\"36\" style=\"filter: invert(21%) sepia(56%) saturate(1439%) hue-rotate(206deg) brightness(91%) contrast(90%);\">\n  <\/a>\n\n  <a href=\"https:\/\/www.instagram.com\/velke_holky_40_50plus\/\" target=\"_blank\" style=\"margin: 10px; display: inline-block;\">\n    <img decoding=\"async\" src=\"https:\/\/cdn.jsdelivr.net\/npm\/simple-icons@v9\/icons\/instagram.svg\" alt=\"Instagram\" width=\"36\" style=\"filter: invert(21%) sepia(56%) saturate(1439%) hue-rotate(292deg) brightness(91%) contrast(90%);\">\n  <\/a>\n\n  <a href=\"https:\/\/www.youtube.com\/@DanielaS-VelkeHolky\/featured\" target=\"_blank\" style=\"margin: 10px; display: inline-block;\">\n    <img decoding=\"async\" src=\"https:\/\/cdn.jsdelivr.net\/npm\/simple-icons@v9\/icons\/youtube.svg\" alt=\"YouTube\" width=\"36\" style=\"filter: invert(21%) sepia(56%) saturate(1439%) hue-rotate(352deg) brightness(91%) contrast(90%);\">\n  <\/a>\n\n<a href=\"https:\/\/www.threads.com\/@velke_holky_40_50plus\" target=\"_blank\" style=\"margin: 10px; display: inline-block; width: 36px; height: 36px;\">\n  <img decoding=\"async\" src=\"https:\/\/velkeholky.org\/wp-content\/uploads\/2025\/06\/TH.jpg\" alt=\"Threads\" style=\"width: 100%; height: 100%; border-radius: 50%; object-fit: cover; box-shadow: 0 0 4px rgba(0,0,0,0.2);\">\n<\/a>\n\n<\/div>\n\n\n\n<div class=\"wp-block-uagb-advanced-heading uagb-block-10a0ff86\"><h3 class=\"uagb-heading-text\"><em>Inspire others \u2013 and share with your girlfriends\u2026&nbsp;<\/em>\u2026<\/h3><\/div>\n\n\n\n\n\n<p><\/p>","protected":false},"excerpt":{"rendered":"<p>M\u00edsto, kde se m\u016f\u017ee\u0161 voln\u011b nadechnout. K\u00e1va s kamar\u00e1dkami, odleh\u010den\u00e9 \u010dten\u00ed, drobn\u00e9 radosti a velk\u00e9 n\u00e1pady, kter\u00e9 t\u011b zvednou ze \u017eidle i z n\u00e1ladov\u00e9 nuly. Sd\u00edlej, inspiruj se a dovol si b\u00fdt tady \u2013 pro sebe i pro ostatn\u00ed. Nejnov\u011bj\u0161\u00ed \u010dl\u00e1nky: Nej\u010dten\u011bj\u0161\u00ed \u010dl\u00e1nky: \u201eV\u011bk je jen \u010d\u00edslo. Ale styl je v\u011b\u010dn\u00fd.\u201c \ud83d\udc9c Sleduj n\u00e1s na s\u00edt\u00edch \ud83d\udc9c Inspiruj ostatn\u00ed a sd\u00edlej s kamar\u00e1dkami&nbsp;\u2026<\/p>","protected":false},"author":1,"featured_media":3815,"parent":0,"menu_order":2,"comment_status":"closed","ping_status":"closed","template":"","meta":{"_uag_custom_page_level_css":"","footnotes":""},"class_list":["post-3883","page","type-page","status-publish","has-post-thumbnail","hentry"],"aioseo_notices":[],"uagb_featured_image_src":{"full":["https:\/\/velkeholky.org\/wp-content\/uploads\/2025\/06\/inspirace.png",1333,2000,false],"thumbnail":["https:\/\/velkeholky.org\/wp-content\/uploads\/2025\/06\/inspirace-150x150.png",150,150,true],"medium":["https:\/\/velkeholky.org\/wp-content\/uploads\/2025\/06\/inspirace-200x300.png",200,300,true],"medium_large":["https:\/\/velkeholky.org\/wp-content\/uploads\/2025\/06\/inspirace-768x1152.png",768,1152,true],"large":["https:\/\/velkeholky.org\/wp-content\/uploads\/2025\/06\/inspirace-682x1024.png",682,1024,true],"1536x1536":["https:\/\/velkeholky.org\/wp-content\/uploads\/2025\/06\/inspirace-1024x1536.png",1024,1536,true],"2048x2048":["https:\/\/velkeholky.org\/wp-content\/uploads\/2025\/06\/inspirace.png",1333,2000,false],"trp-custom-language-flag":["https:\/\/velkeholky.org\/wp-content\/uploads\/2025\/06\/inspirace-8x12.png",8,12,true],"ashe-slider-full-thumbnail":["https:\/\/velkeholky.org\/wp-content\/uploads\/2025\/06\/inspirace-1080x540.png",1080,540,true],"ashe-full-thumbnail":["https:\/\/velkeholky.org\/wp-content\/uploads\/2025\/06\/inspirace-1140x1710.png",1140,1710,true],"ashe-list-thumbnail":["https:\/\/velkeholky.org\/wp-content\/uploads\/2025\/06\/inspirace-300x300.png",300,300,true],"ashe-grid-thumbnail":["https:\/\/velkeholky.org\/wp-content\/uploads\/2025\/06\/inspirace-500x330.png",500,330,true],"ashe-single-navigation":["https:\/\/velkeholky.org\/wp-content\/uploads\/2025\/06\/inspirace-75x75.png",75,75,true]},"uagb_author_info":{"display_name":"S l\u00e1skou Daniela \ud83d\udc9c","author_link":"https:\/\/velkeholky.org\/en\/author\/velkeholkygmail-com\/"},"uagb_comment_info":0,"uagb_excerpt":"M\u00edsto, kde se m\u016f\u017ee\u0161 voln\u011b nadechnout. K\u00e1va s kamar\u00e1dkami, odleh\u010den\u00e9 \u010dten\u00ed, drobn\u00e9 radosti a velk\u00e9 n\u00e1pady, kter\u00e9 t\u011b zvednou ze \u017eidle i z n\u00e1ladov\u00e9 nuly. Sd\u00edlej, inspiruj se a dovol si b\u00fdt tady \u2013 pro sebe i pro ostatn\u00ed. Nejnov\u011bj\u0161\u00ed \u010dl\u00e1nky: Nej\u010dten\u011bj\u0161\u00ed \u010dl\u00e1nky: \u201eV\u011bk je jen \u010d\u00edslo. Ale styl je v\u011b\u010dn\u00fd.\u201c \ud83d\udc9c Sleduj n\u00e1s na&hellip;","_links":{"self":[{"href":"https:\/\/velkeholky.org\/en\/wp-json\/wp\/v2\/pages\/3883","targetHints":{"allow":["GET"]}}],"collection":[{"href":"https:\/\/velkeholky.org\/en\/wp-json\/wp\/v2\/pages"}],"about":[{"href":"https:\/\/velkeholky.org\/en\/wp-json\/wp\/v2\/types\/page"}],"author":[{"embeddable":true,"href":"https:\/\/velkeholky.org\/en\/wp-json\/wp\/v2\/users\/1"}],"replies":[{"embeddable":true,"href":"https:\/\/velkeholky.org\/en\/wp-json\/wp\/v2\/comments?post=3883"}],"version-history":[{"count":9,"href":"https:\/\/velkeholky.org\/en\/wp-json\/wp\/v2\/pages\/3883\/revisions"}],"predecessor-version":[{"id":4405,"href":"https:\/\/velkeholky.org\/en\/wp-json\/wp\/v2\/pages\/3883\/revisions\/4405"}],"wp:featuredmedia":[{"embeddable":true,"href":"https:\/\/velkeholky.org\/en\/wp-json\/wp\/v2\/media\/3815"}],"wp:attachment":[{"href":"https:\/\/velkeholky.org\/en\/wp-json\/wp\/v2\/media?parent=3883"}],"curies":[{"name":"wp","href":"https:\/\/api.w.org\/{rel}","templated":true}]}}