{"id":3831,"date":"2025-06-15T18:40:35","date_gmt":"2025-06-15T18:40:35","guid":{"rendered":"https:\/\/velkeholky.org\/?page_id=3831"},"modified":"2025-09-28T13:46:45","modified_gmt":"2025-09-28T13:46:45","slug":"zdravi-zivotni-styl","status":"publish","type":"page","link":"https:\/\/velkeholky.org\/en\/zdravi-zivotni-styl\/","title":{"rendered":"Health &amp; Lifestyle"},"content":{"rendered":"<div class=\"wp-block-group\"><div class=\"wp-block-group__inner-container is-layout-constrained wp-block-group-is-layout-constrained\">\n<div class=\"wp-block-buttons is-content-justification-center is-layout-flex wp-container-core-buttons-is-layout-a89b3969 wp-block-buttons-is-layout-flex\">\n<div class=\"wp-block-button is-style-outline is-style-outline--1\"><a class=\"wp-block-button__link has-vivid-green-cyan-color has-text-color has-background has-link-color has-medium-font-size has-text-align-center has-custom-font-size wp-element-button\" href=\"https:\/\/velkeholky.org\/en\/category\/https-velkeholky-org-zdravi-zivotni-styl\/\" style=\"border-radius:80px;background:linear-gradient(135deg,rgb(202,248,128) 56%,rgb(113,206,126) 100%)\"><strong>All Articles<\/strong><\/a><\/div>\n<\/div>\n<\/div><\/div>\n\n\n\n<div style=\"text-align: center; padding: 10px 20px; max-width: 800px; margin: auto;\">\n  <p style=\"font-size: 1.1rem; color: #555;\">\n    From herbs to biohacking, from yoga to green smoothies.\nA space for longevity, vitality, and daily balance \u2013 in body, mind, and soul.\n\n  <\/p>\n<\/div>\n\n\n\n<div class=\"wp-block-uagb-advanced-heading uagb-block-158cb3b2\"><h1 class=\"uagb-heading-text\"><em>Latest Articles:<\/em><\/h1><\/div>\n\n\n\n\n\n\t\t\t<div class=\"wp-block-uagb-post-grid uagb-post-grid  uagb-post__image-position-top uagb-post__image-enabled uagb-block-1a8063d6     uagb-post__items uagb-post__columns-3 is-grid uagb-post__columns-tablet-2 uagb-post__columns-mobile-1 uagb-post__equal-height\" data-total=\"18\" style=\"\">\n\n\t\t\t\t\t\t\t\t\t\t\t\t<article class=\"uagb-post__inner-wrap\">\t\t\t\t\t\t\t\t<div class='uagb-post__image'>\n\t\t\t\t\t\t\t\t\t<a href=\"https:\/\/velkeholky.org\/en\/ozempic-mounjaro-a-spol-zazrak-predrazena-berlicka\/\" target=\"_self\" rel=\"bookmark noopener noreferrer\" class='uagb-image-ratio-inherit'><img loading=\"lazy\" decoding=\"async\" width=\"150\" height=\"150\" src=\"https:\/\/velkeholky.org\/wp-content\/uploads\/2026\/03\/Ozempic-Mounjaro-a-spol._Zazrak-nebo-nejdrazsi-berlicka-na-trhu-150x150.png\" class=\"attachment-thumbnail size-thumbnail\" alt=\"Injekce na hubnut\u00ed Ozempic, Wegovy a Mounjaro vs. siln\u00e1 \u017eena 50+ cvi\u010d\u00edc\u00ed s \u010dinkami \u2013 kontrast chemie a p\u0159irozen\u00e9 s\u00edly\" srcset=\"https:\/\/velkeholky.org\/wp-content\/uploads\/2026\/03\/Ozempic-Mounjaro-a-spol._Zazrak-nebo-nejdrazsi-berlicka-na-trhu-150x150.png 150w, https:\/\/velkeholky.org\/wp-content\/uploads\/2026\/03\/Ozempic-Mounjaro-a-spol._Zazrak-nebo-nejdrazsi-berlicka-na-trhu-300x300.png 300w, https:\/\/velkeholky.org\/wp-content\/uploads\/2026\/03\/Ozempic-Mounjaro-a-spol._Zazrak-nebo-nejdrazsi-berlicka-na-trhu-768x768.png 768w, https:\/\/velkeholky.org\/wp-content\/uploads\/2026\/03\/Ozempic-Mounjaro-a-spol._Zazrak-nebo-nejdrazsi-berlicka-na-trhu-12x12.png 12w, https:\/\/velkeholky.org\/wp-content\/uploads\/2026\/03\/Ozempic-Mounjaro-a-spol._Zazrak-nebo-nejdrazsi-berlicka-na-trhu-75x75.png 75w, https:\/\/velkeholky.org\/wp-content\/uploads\/2026\/03\/Ozempic-Mounjaro-a-spol._Zazrak-nebo-nejdrazsi-berlicka-na-trhu.png 1024w\" sizes=\"auto, (max-width: 150px) 100vw, 150px\" \/>\t\t\t\t\t<\/a>\n\t\t\t\t\t\t\t<\/div>\n\t\t\t\t\t\t<h4 class=\"uagb-post__title uagb-post__text\">\n\t\t\t\t<a href=\"https:\/\/velkeholky.org\/en\/ozempic-mounjaro-a-spol-zazrak-predrazena-berlicka\/\" target=\"_self\" rel=\"bookmark noopener noreferrer\">Ozempic, Mounjaro and Co. A miracle? An overpriced crutch?<\/a>\n\t\t\t<\/h4>\n\t\t\t\t\t\t<div class='uagb-post__text uagb-post-grid-byline'>\n\t\t\t\t\t\t\t<\/div>\n\t\t\t\t\t\t\t<div class='uagb-post__text uagb-post__excerpt'>\n\t\t\t\t\tOzempic, Mounjaro, Wego \u2014 miracles and before and after photos everywhere. But\u2026\t\t\t\t<\/div>\n\t\t\t\t\t\t<div class=\"uagb-post__text uagb-post__cta wp-block-button\">\n\t\t\t\t<a class=\"wp-block-button__link uagb-text-link\" style=\"\" href=\"https:\/\/velkeholky.org\/en\/ozempic-mounjaro-a-spol-zazrak-predrazena-berlicka\/\" target=\"_self\" rel=\"bookmark noopener noreferrer\">Read More<\/a>\n\t\t\t<\/div>\n\t\t\t\n\t\t\t\t\t\t\t\t\t<\/article>\n\t\t\t\t\t\t\t\t\t\t\t\t\t\t\t\t<article class=\"uagb-post__inner-wrap\">\t\t\t\t\t\t\t\t<div class='uagb-post__image'>\n\t\t\t\t\t\t\t\t\t<a href=\"https:\/\/velkeholky.org\/en\/proc-se-japonky-dozivaji-87-let-a-co-my\/\" target=\"_self\" rel=\"bookmark noopener noreferrer\" class='uagb-image-ratio-inherit'><img loading=\"lazy\" decoding=\"async\" width=\"150\" height=\"150\" src=\"https:\/\/velkeholky.org\/wp-content\/uploads\/2026\/03\/Japonska-dlouhovekost-150x150.png\" class=\"attachment-thumbnail size-thumbnail\" alt=\"Minimalistick\u00fd japonsk\u00fd st\u016fl s miskou b\u00edl\u00e9 r\u00fd\u017ee, miso pol\u00e9vkou s tofu, grilovan\u00fdm lososem a \u0161\u00e1lkem zelen\u00e9ho \u010daje v p\u0159irozen\u00e9m denn\u00edm sv\u011btle.\" srcset=\"https:\/\/velkeholky.org\/wp-content\/uploads\/2026\/03\/Japonska-dlouhovekost-150x150.png 150w, https:\/\/velkeholky.org\/wp-content\/uploads\/2026\/03\/Japonska-dlouhovekost-300x300.png 300w, https:\/\/velkeholky.org\/wp-content\/uploads\/2026\/03\/Japonska-dlouhovekost-75x75.png 75w\" sizes=\"auto, (max-width: 150px) 100vw, 150px\" \/>\t\t\t\t\t<\/a>\n\t\t\t\t\t\t\t<\/div>\n\t\t\t\t\t\t<h4 class=\"uagb-post__title uagb-post__text\">\n\t\t\t\t<a href=\"https:\/\/velkeholky.org\/en\/proc-se-japonky-dozivaji-87-let-a-co-my\/\" target=\"_self\" rel=\"bookmark noopener noreferrer\">Why do Japanese women live to be 87 years old and what about us?<\/a>\n\t\t\t<\/h4>\n\t\t\t\t\t\t<div class='uagb-post__text uagb-post-grid-byline'>\n\t\t\t\t\t\t\t<\/div>\n\t\t\t\t\t\t\t<div class='uagb-post__text uagb-post__excerpt'>\n\t\t\t\t\tWe have doctors, apps, and gyms on every corner. And yet we live shorter lives\u2026\t\t\t\t<\/div>\n\t\t\t\t\t\t<div class=\"uagb-post__text uagb-post__cta wp-block-button\">\n\t\t\t\t<a class=\"wp-block-button__link uagb-text-link\" style=\"\" href=\"https:\/\/velkeholky.org\/en\/proc-se-japonky-dozivaji-87-let-a-co-my\/\" target=\"_self\" rel=\"bookmark noopener noreferrer\">Read More<\/a>\n\t\t\t<\/div>\n\t\t\t\n\t\t\t\t\t\t\t\t\t<\/article>\n\t\t\t\t\t\t\t\t\t\t\t\t\t\t\t\t<article class=\"uagb-post__inner-wrap\">\t\t\t\t\t\t\t\t<div class='uagb-post__image'>\n\t\t\t\t\t\t\t\t\t<a href=\"https:\/\/velkeholky.org\/en\/starnuti-neprichazi-pomalu-prichazi-ve-vlnach\/\" target=\"_self\" rel=\"bookmark noopener noreferrer\" class='uagb-image-ratio-inherit'><img loading=\"lazy\" decoding=\"async\" width=\"150\" height=\"150\" src=\"https:\/\/velkeholky.org\/wp-content\/uploads\/2026\/02\/stari-pve-vlnachj-150x150.png\" class=\"attachment-thumbnail size-thumbnail\" alt=\"\u017dena po \u0161edes\u00e1tce stoj\u00ed bos\u00e1 na pl\u00e1\u017ei p\u0159i v\u00fdchodu slunce a d\u00edv\u00e1 se na dv\u011b p\u0159ich\u00e1zej\u00edc\u00ed vlny \u2013 symbol p\u0159irozen\u00fdch f\u00e1z\u00ed st\u00e1rnut\u00ed.\" srcset=\"https:\/\/velkeholky.org\/wp-content\/uploads\/2026\/02\/stari-pve-vlnachj-150x150.png 150w, https:\/\/velkeholky.org\/wp-content\/uploads\/2026\/02\/stari-pve-vlnachj-300x300.png 300w, https:\/\/velkeholky.org\/wp-content\/uploads\/2026\/02\/stari-pve-vlnachj-75x75.png 75w\" sizes=\"auto, (max-width: 150px) 100vw, 150px\" \/>\t\t\t\t\t<\/a>\n\t\t\t\t\t\t\t<\/div>\n\t\t\t\t\t\t<h4 class=\"uagb-post__title uagb-post__text\">\n\t\t\t\t<a href=\"https:\/\/velkeholky.org\/en\/starnuti-neprichazi-pomalu-prichazi-ve-vlnach\/\" target=\"_self\" rel=\"bookmark noopener noreferrer\">Aging doesn&#039;t come slowly. It comes in waves...<\/a>\n\t\t\t<\/h4>\n\t\t\t\t\t\t<div class='uagb-post__text uagb-post-grid-byline'>\n\t\t\t\t\t\t\t<\/div>\n\t\t\t\t\t\t\t<div class='uagb-post__text uagb-post__excerpt'>\n\t\t\t\t\tAnd here I will allow myself a personal remark \u2013 we may have a belly. Not all of us\u2026\t\t\t\t<\/div>\n\t\t\t\t\t\t<div class=\"uagb-post__text uagb-post__cta wp-block-button\">\n\t\t\t\t<a class=\"wp-block-button__link uagb-text-link\" style=\"\" href=\"https:\/\/velkeholky.org\/en\/starnuti-neprichazi-pomalu-prichazi-ve-vlnach\/\" target=\"_self\" rel=\"bookmark noopener noreferrer\">Read More<\/a>\n\t\t\t<\/div>\n\t\t\t\n\t\t\t\t\t\t\t\t\t<\/article>\n\t\t\t\t\t\t\t\t\t\t\t<\/div>\n\t\t\t\n\n\n<div class=\"wp-block-uagb-advanced-heading uagb-block-2ca72acf\"><h1 class=\"uagb-heading-text\"><em>Top Reads:<\/em><\/h1><\/div>\n\n\n\n\n\n\t\t\t<div class=\"wp-block-uagb-post-grid uagb-post-grid  uagb-post__image-position-top uagb-post__image-enabled uagb-block-16b896dd     uagb-post__items uagb-post__columns-3 is-grid uagb-post__columns-tablet-2 uagb-post__columns-mobile-1 uagb-post__equal-height\" data-total=\"18\" style=\"\">\n\n\t\t\t\t\t\t\t\t\t\t\t\t<article class=\"uagb-post__inner-wrap\">\t\t\t\t\t\t\t\t<div class='uagb-post__image'>\n\t\t\t\t\t\t\t\t\t<a href=\"https:\/\/velkeholky.org\/en\/jak-vyuzit-saunu-pro-dlouhovekost-zdravi-a-krasu\/\" target=\"_self\" rel=\"bookmark noopener noreferrer\" class='uagb-image-ratio-inherit'><img loading=\"lazy\" decoding=\"async\" width=\"150\" height=\"150\" src=\"https:\/\/velkeholky.org\/wp-content\/uploads\/2025\/10\/sauna-150x150.png\" class=\"attachment-thumbnail size-thumbnail\" alt=\"Interi\u00e9r finsk\u00e9 sauny s d\u0159ev\u011bn\u00fdmi lavicemi a \u017ehav\u00fdmi kameny. Okny je vid\u011bt zasn\u011b\u017een\u00e1 krajina a venku d\u0159ev\u011bn\u00fd sud s vodou. Tepl\u00e9 sv\u011btlo a klidn\u00e1 atmosf\u00e9ra podporuj\u00edc\u00ed relaxaci a regeneraci. \/Interior of a Finnish sauna with wooden benches and hot stones. Through the window, a snowy landscape and a wooden outdoor tub are visible. Warm light creates a calm and relaxing atmosphere.\" srcset=\"https:\/\/velkeholky.org\/wp-content\/uploads\/2025\/10\/sauna-150x150.png 150w, https:\/\/velkeholky.org\/wp-content\/uploads\/2025\/10\/sauna-300x300.png 300w, https:\/\/velkeholky.org\/wp-content\/uploads\/2025\/10\/sauna-75x75.png 75w\" sizes=\"auto, (max-width: 150px) 100vw, 150px\" \/>\t\t\t\t\t<\/a>\n\t\t\t\t\t\t\t<\/div>\n\t\t\t\t\t\t<h4 class=\"uagb-post__title uagb-post__text\">\n\t\t\t\t<a href=\"https:\/\/velkeholky.org\/en\/jak-vyuzit-saunu-pro-dlouhovekost-zdravi-a-krasu\/\" target=\"_self\" rel=\"bookmark noopener noreferrer\">How to use a sauna for longevity, health and beauty<\/a>\n\t\t\t<\/h4>\n\t\t\t\t\t\t<div class='uagb-post__text uagb-post-grid-byline'>\n\t\t\t\t\t\t\t<\/div>\n\t\t\t\t\t\t\t<div class='uagb-post__text uagb-post__excerpt'>\n\t\t\t\t\tIt&#039;s getting colder and the sauna seems like the perfect thing to do now...\t\t\t\t<\/div>\n\t\t\t\t\t\t<div class=\"uagb-post__text uagb-post__cta wp-block-button\">\n\t\t\t\t<a class=\"wp-block-button__link uagb-text-link\" style=\"\" href=\"https:\/\/velkeholky.org\/en\/jak-vyuzit-saunu-pro-dlouhovekost-zdravi-a-krasu\/\" target=\"_self\" rel=\"bookmark noopener noreferrer\">Read More<\/a>\n\t\t\t<\/div>\n\t\t\t\n\t\t\t\t\t\t\t\t\t<\/article>\n\t\t\t\t\t\t\t\t\t\t\t\t\t\t\t\t<article class=\"uagb-post__inner-wrap\">\t\t\t\t\t\t\t\t<div class='uagb-post__image'>\n\t\t\t\t\t\t\t\t\t<a href=\"https:\/\/velkeholky.org\/en\/skorice-koreni-ktere-hreje-leci-a-probouzi-dusi\/\" target=\"_self\" rel=\"bookmark noopener noreferrer\" class='uagb-image-ratio-inherit'><img loading=\"lazy\" decoding=\"async\" width=\"150\" height=\"150\" src=\"https:\/\/velkeholky.org\/wp-content\/uploads\/2025\/12\/skorice-150x150.png\" class=\"attachment-thumbnail size-thumbnail\" alt=\"Fotorealistick\u00e1 sc\u00e9na na star\u00e9m d\u0159ev\u011bn\u00e9m stole: spir\u00e1la ze sypan\u00e9 sko\u0159ice, ho\u0159\u00edc\u00ed v\u010del\u00ed sv\u00ed\u010dka, bankovka popr\u00e1\u0161en\u00e1 sko\u0159ic\u00ed, lahvi\u010dka oleje, miska s ko\u0159en\u00edm a cel\u00e9 kousky sko\u0159ice a h\u0159eb\u00ed\u010dku v tepl\u00e9m, magick\u00e9m sv\u011btle.\" srcset=\"https:\/\/velkeholky.org\/wp-content\/uploads\/2025\/12\/skorice-150x150.png 150w, https:\/\/velkeholky.org\/wp-content\/uploads\/2025\/12\/skorice-300x300.png 300w, https:\/\/velkeholky.org\/wp-content\/uploads\/2025\/12\/skorice-75x75.png 75w\" sizes=\"auto, (max-width: 150px) 100vw, 150px\" \/>\t\t\t\t\t<\/a>\n\t\t\t\t\t\t\t<\/div>\n\t\t\t\t\t\t<h4 class=\"uagb-post__title uagb-post__text\">\n\t\t\t\t<a href=\"https:\/\/velkeholky.org\/en\/skorice-koreni-ktere-hreje-leci-a-probouzi-dusi\/\" target=\"_self\" rel=\"bookmark noopener noreferrer\">Cinnamon: the spice that warms, heals and awakens the soul<\/a>\n\t\t\t<\/h4>\n\t\t\t\t\t\t<div class='uagb-post__text uagb-post-grid-byline'>\n\t\t\t\t\t\t\t<\/div>\n\t\t\t\t\t\t\t<div class='uagb-post__text uagb-post__excerpt'>\n\t\t\t\t\tCinnamon \u2013 a fragrant guide through winter that can do much more than just flavor your stew\u2026.\t\t\t\t<\/div>\n\t\t\t\t\t\t<div class=\"uagb-post__text uagb-post__cta wp-block-button\">\n\t\t\t\t<a class=\"wp-block-button__link uagb-text-link\" style=\"\" href=\"https:\/\/velkeholky.org\/en\/skorice-koreni-ktere-hreje-leci-a-probouzi-dusi\/\" target=\"_self\" rel=\"bookmark noopener noreferrer\">Read More<\/a>\n\t\t\t<\/div>\n\t\t\t\n\t\t\t\t\t\t\t\t\t<\/article>\n\t\t\t\t\t\t\t\t\t\t\t\t\t\t\t\t<article class=\"uagb-post__inner-wrap\">\t\t\t\t\t\t\t\t<div class='uagb-post__image'>\n\t\t\t\t\t\t\t\t\t<a href=\"https:\/\/velkeholky.org\/en\/raw-kakao-pokrm-bohyni-ktery-te-obejme-zevnitr\/\" target=\"_self\" rel=\"bookmark noopener noreferrer\" class='uagb-image-ratio-inherit'><img loading=\"lazy\" decoding=\"async\" width=\"150\" height=\"150\" src=\"https:\/\/velkeholky.org\/wp-content\/uploads\/2025\/12\/KAKAO-150x150.png\" class=\"attachment-thumbnail size-thumbnail\" alt=\"\" srcset=\"https:\/\/velkeholky.org\/wp-content\/uploads\/2025\/12\/KAKAO-150x150.png 150w, https:\/\/velkeholky.org\/wp-content\/uploads\/2025\/12\/KAKAO-300x300.png 300w, https:\/\/velkeholky.org\/wp-content\/uploads\/2025\/12\/KAKAO-75x75.png 75w\" sizes=\"auto, (max-width: 150px) 100vw, 150px\" \/>\t\t\t\t\t<\/a>\n\t\t\t\t\t\t\t<\/div>\n\t\t\t\t\t\t<h4 class=\"uagb-post__title uagb-post__text\">\n\t\t\t\t<a href=\"https:\/\/velkeholky.org\/en\/raw-kakao-pokrm-bohyni-ktery-te-obejme-zevnitr\/\" target=\"_self\" rel=\"bookmark noopener noreferrer\">RAW Cacao: the food of the goddesses that embraces you from the inside<\/a>\n\t\t\t<\/h4>\n\t\t\t\t\t\t<div class='uagb-post__text uagb-post-grid-byline'>\n\t\t\t\t\t\t\t<\/div>\n\t\t\t\t\t\t\t<div class='uagb-post__text uagb-post__excerpt'>\n\t\t\t\t\tCocoa isn&#039;t just for kids. It&#039;s a superfood for the soul, the heart, and even women...\t\t\t\t<\/div>\n\t\t\t\t\t\t<div class=\"uagb-post__text uagb-post__cta wp-block-button\">\n\t\t\t\t<a class=\"wp-block-button__link uagb-text-link\" style=\"\" href=\"https:\/\/velkeholky.org\/en\/raw-kakao-pokrm-bohyni-ktery-te-obejme-zevnitr\/\" target=\"_self\" rel=\"bookmark noopener noreferrer\">Read More<\/a>\n\t\t\t<\/div>\n\t\t\t\n\t\t\t\t\t\t\t\t\t<\/article>\n\t\t\t\t\t\t\t\t\t\t\t\t\t<div class=\"uagb-post-pagination-wrap\">\n\t\t\t\t\t\t\t\t\t\t\t<\/div>\n\t\t\t\t\t\t\t\t<\/div>\n\t\t\t\n\n\n\n\n\n\n\n\n\n\n\n\n<p style=\"font-size: 1.2rem; font-style: italic; text-align: center; color: #0B7850; margin-bottom: 20px;\">\n  Age is just a number. But style is forever. \ud83d\udc9c\n<\/p>\n\n\n\n<div style=\"background:\t#f0fff0; padding: 20px; border-radius: 12px; text-align: center; margin-top: 40px;\">\n  <p style=\"font-size: 1.2rem; font-weight: bold; color: #0B7850;\">Follow us on social media  \ud83d\udc9c<\/p>\n\n  <a href=\"https:\/\/www.facebook.com\/profile.php?id=61572507782295\" target=\"_blank\" style=\"margin: 10px; display: inline-block;\">\n    <img decoding=\"async\" src=\"https:\/\/cdn.jsdelivr.net\/npm\/simple-icons@v9\/icons\/facebook.svg\" alt=\"Facebook\" width=\"36\" style=\"filter: invert(21%) sepia(56%) saturate(1439%) hue-rotate(206deg) brightness(91%) contrast(90%);\">\n  <\/a>\n\n  <a href=\"https:\/\/www.instagram.com\/velke_holky_40_50plus\/\" target=\"_blank\" style=\"margin: 10px; display: inline-block;\">\n    <img decoding=\"async\" src=\"https:\/\/cdn.jsdelivr.net\/npm\/simple-icons@v9\/icons\/instagram.svg\" alt=\"Instagram\" width=\"36\" style=\"filter: invert(21%) sepia(56%) saturate(1439%) hue-rotate(292deg) brightness(91%) contrast(90%);\">\n  <\/a>\n\n  <a href=\"https:\/\/www.youtube.com\/@DanielaS-VelkeHolky\/featured\" target=\"_blank\" style=\"margin: 10px; display: inline-block;\">\n    <img decoding=\"async\" src=\"https:\/\/cdn.jsdelivr.net\/npm\/simple-icons@v9\/icons\/youtube.svg\" alt=\"YouTube\" width=\"36\" style=\"filter: invert(21%) sepia(56%) saturate(1439%) hue-rotate(352deg) brightness(91%) contrast(90%);\">\n  <\/a>\n\n<a href=\"https:\/\/www.threads.com\/@velke_holky_40_50plus\" target=\"_blank\" style=\"margin: 10px; display: inline-block; width: 36px; height: 36px;\">\n  <img decoding=\"async\" src=\"https:\/\/velkeholky.org\/wp-content\/uploads\/2025\/06\/TH.jpg\" alt=\"Threads\" style=\"width: 100%; height: 100%; border-radius: 50%; object-fit: cover; box-shadow: 0 0 4px rgba(0,0,0,0.2);\">\n<\/a>\n\n<\/div>\n\n\n\n<div class=\"wp-block-uagb-advanced-heading uagb-block-10a0ff86\"><h3 class=\"uagb-heading-text\"><em>Inspire others \u2013 and share with your girlfriends\u2026&nbsp;<\/em>\u2026<\/h3><\/div>\n\n\n\n\n\n<p><\/p>","protected":false},"excerpt":{"rendered":"<p>Od bylinek po biohacking, od j\u00f3gy po zelen\u00e9 smoothies. M\u00edsto pro dlouhov\u011bkost, vitalitu a ka\u017edodenn\u00ed rovnov\u00e1hu \u2013 v t\u011ble, mysli i du\u0161i. Nejnov\u011bj\u0161\u00ed \u010dl\u00e1nky: Nej\u010dten\u011bj\u0161\u00ed \u010dl\u00e1nky: \u201eV\u011bk je jen \u010d\u00edslo. Ale styl je v\u011b\u010dn\u00fd.\u201c \ud83d\udc9c Sleduj n\u00e1s na s\u00edt\u00edch \ud83d\udc9c Inspiruj ostatn\u00ed a sd\u00edlej s kamar\u00e1dkami&nbsp;\u2026<\/p>","protected":false},"author":1,"featured_media":3820,"parent":0,"menu_order":1,"comment_status":"closed","ping_status":"closed","template":"","meta":{"_uag_custom_page_level_css":"","footnotes":""},"class_list":["post-3831","page","type-page","status-publish","has-post-thumbnail","hentry"],"aioseo_notices":[],"uagb_featured_image_src":{"full":["https:\/\/velkeholky.org\/wp-content\/uploads\/2025\/06\/zdravi.png",1333,2000,false],"thumbnail":["https:\/\/velkeholky.org\/wp-content\/uploads\/2025\/06\/zdravi-150x150.png",150,150,true],"medium":["https:\/\/velkeholky.org\/wp-content\/uploads\/2025\/06\/zdravi-200x300.png",200,300,true],"medium_large":["https:\/\/velkeholky.org\/wp-content\/uploads\/2025\/06\/zdravi-768x1152.png",768,1152,true],"large":["https:\/\/velkeholky.org\/wp-content\/uploads\/2025\/06\/zdravi-682x1024.png",682,1024,true],"1536x1536":["https:\/\/velkeholky.org\/wp-content\/uploads\/2025\/06\/zdravi-1024x1536.png",1024,1536,true],"2048x2048":["https:\/\/velkeholky.org\/wp-content\/uploads\/2025\/06\/zdravi.png",1333,2000,false],"trp-custom-language-flag":["https:\/\/velkeholky.org\/wp-content\/uploads\/2025\/06\/zdravi-8x12.png",8,12,true],"ashe-slider-full-thumbnail":["https:\/\/velkeholky.org\/wp-content\/uploads\/2025\/06\/zdravi-1080x540.png",1080,540,true],"ashe-full-thumbnail":["https:\/\/velkeholky.org\/wp-content\/uploads\/2025\/06\/zdravi-1140x1710.png",1140,1710,true],"ashe-list-thumbnail":["https:\/\/velkeholky.org\/wp-content\/uploads\/2025\/06\/zdravi-300x300.png",300,300,true],"ashe-grid-thumbnail":["https:\/\/velkeholky.org\/wp-content\/uploads\/2025\/06\/zdravi-500x330.png",500,330,true],"ashe-single-navigation":["https:\/\/velkeholky.org\/wp-content\/uploads\/2025\/06\/zdravi-75x75.png",75,75,true]},"uagb_author_info":{"display_name":"S l\u00e1skou Daniela \ud83d\udc9c","author_link":"https:\/\/velkeholky.org\/en\/author\/velkeholkygmail-com\/"},"uagb_comment_info":0,"uagb_excerpt":"Od bylinek po biohacking, od j\u00f3gy po zelen\u00e9 smoothies. M\u00edsto pro dlouhov\u011bkost, vitalitu a ka\u017edodenn\u00ed rovnov\u00e1hu \u2013 v t\u011ble, mysli i du\u0161i. Nejnov\u011bj\u0161\u00ed \u010dl\u00e1nky: Nej\u010dten\u011bj\u0161\u00ed \u010dl\u00e1nky: \u201eV\u011bk je jen \u010d\u00edslo. Ale styl je v\u011b\u010dn\u00fd.\u201c \ud83d\udc9c Sleduj n\u00e1s na s\u00edt\u00edch \ud83d\udc9c Inspiruj ostatn\u00ed a sd\u00edlej s kamar\u00e1dkami&nbsp;\u2026","_links":{"self":[{"href":"https:\/\/velkeholky.org\/en\/wp-json\/wp\/v2\/pages\/3831","targetHints":{"allow":["GET"]}}],"collection":[{"href":"https:\/\/velkeholky.org\/en\/wp-json\/wp\/v2\/pages"}],"about":[{"href":"https:\/\/velkeholky.org\/en\/wp-json\/wp\/v2\/types\/page"}],"author":[{"embeddable":true,"href":"https:\/\/velkeholky.org\/en\/wp-json\/wp\/v2\/users\/1"}],"replies":[{"embeddable":true,"href":"https:\/\/velkeholky.org\/en\/wp-json\/wp\/v2\/comments?post=3831"}],"version-history":[{"count":17,"href":"https:\/\/velkeholky.org\/en\/wp-json\/wp\/v2\/pages\/3831\/revisions"}],"predecessor-version":[{"id":4404,"href":"https:\/\/velkeholky.org\/en\/wp-json\/wp\/v2\/pages\/3831\/revisions\/4404"}],"wp:featuredmedia":[{"embeddable":true,"href":"https:\/\/velkeholky.org\/en\/wp-json\/wp\/v2\/media\/3820"}],"wp:attachment":[{"href":"https:\/\/velkeholky.org\/en\/wp-json\/wp\/v2\/media?parent=3831"}],"curies":[{"name":"wp","href":"https:\/\/api.w.org\/{rel}","templated":true}]}}