{"id":3605,"date":"2025-06-12T14:12:03","date_gmt":"2025-06-12T14:12:03","guid":{"rendered":"https:\/\/velkeholky.org\/?page_id=3605"},"modified":"2026-02-10T12:25:51","modified_gmt":"2026-02-10T12:25:51","slug":"blog-mimo-tema","status":"publish","type":"page","link":"https:\/\/velkeholky.org\/en\/blog-mimo-tema\/","title":{"rendered":"Daniela\ud83d\udc9cBlog \u2013 Off topic"},"content":{"rendered":"<div class=\"wp-block-group\"><div class=\"wp-block-group__inner-container is-layout-constrained wp-block-group-is-layout-constrained\">\n<div class=\"wp-block-buttons is-content-justification-center is-layout-flex wp-container-core-buttons-is-layout-a89b3969 wp-block-buttons-is-layout-flex\">\n<div class=\"wp-block-button is-style-outline is-style-outline--1\"><a class=\"wp-block-button__link has-pale-cyan-blue-color has-text-color has-background has-link-color has-medium-font-size has-text-align-center has-custom-font-size wp-element-button\" href=\"https:\/\/velkeholky.org\/en\/category\/blog-mimo-tema\/\" style=\"border-radius:80px;background:linear-gradient(135deg,rgb(2,3,129) 91%,rgb(40,116,252) 100%)\"><strong>All Articles<\/strong><\/a><\/div>\n<\/div>\n<\/div><\/div>\n\n\n\n<div style=\"text-align: center; padding: 10px 20px; max-width: 800px; margin: auto;\">\n  <p style=\"font-size: 1.1rem; color: #555;\">\n    &quot;Here I write things that don&#039;t fit into boxes. About life, about AI, about me.&quot;\n\n  <\/p>\n<\/div>\n\n\n\n<div class=\"wp-block-uagb-image alignleft uagb-block-245c612b wp-block-uagb-image--layout-default wp-block-uagb-image--effect-static wp-block-uagb-image--align-left\"><figure class=\"wp-block-uagb-image__figure\"><img decoding=\"async\" srcset=\"https:\/\/velkeholky.org\/wp-content\/uploads\/2025\/06\/BLOG-AI-200x300.png ,https:\/\/velkeholky.org\/wp-content\/uploads\/2025\/06\/BLOG-AI.png 780w, https:\/\/velkeholky.org\/wp-content\/uploads\/2025\/06\/BLOG-AI.png 360w\" sizes=\"auto, (max-width: 480px) 150px\" src=\"https:\/\/velkeholky.org\/wp-content\/uploads\/2025\/06\/BLOG-AI-200x300.png\" alt=\"Tady nejsi na \u017e\u00e1dn\u00e9m p\u0159edra\u017een\u00e9m kurzu.Pokud nejsi program\u00e1torka, ale chce\u0161 AI pochopit a pou\u017e\u00edvat, jsi na spr\u00e1vn\u00e9m m\u00edst\u011b.Nau\u010d\u00ed\u0161 se, jak si vytvo\u0159it vlastn\u00ed AI par\u0165a\u010dku nebo par\u0165\u00e1ka, propojit AI s blogem, s\u00edt\u011bmi, Etsy\u2026 a hlavn\u011b: jak s n\u00ed pracovat chyt\u0159e \u2013 ne slo\u017eit\u011b.V\u0161e lidsky, jasn\u011b a bez kec\u016f\" class=\"uag-image-3811\" width=\"200\" height=\"300\" title=\"AI \u2013 Artificial Intelligence for UsAI\" loading=\"lazy\" role=\"img\"\/><\/figure><\/div>\n\n\n\n<div class=\"wp-block-uagb-advanced-heading uagb-block-158cb3b2\"><h1 class=\"uagb-heading-text\"><em><strong><a href=\"https:\/\/velkeholky.org\/en\/category\/ai-umela-inteligence-pro-nas\/\" target=\"_blank\" rel=\"noopener\" title=\"\">AI \u2013 Artificial Intelligence for Us<\/a><\/strong><\/em><\/h1><\/div>\n\n\n\n\n\n\t\t\t<div class=\"wp-block-uagb-post-grid uagb-post-grid  uagb-post__image-position-top uagb-post__image-enabled uagb-block-1a8063d6     uagb-post__items uagb-post__columns-3 is-grid uagb-post__columns-tablet-2 uagb-post__columns-mobile-1 uagb-post__equal-height\" data-total=\"3\" style=\"\">\n\n\t\t\t\t\t\t\t\t\t\t\t\t<article class=\"uagb-post__inner-wrap\">\t\t\t\t\t\t\t\t<div class='uagb-post__image'>\n\t\t\t\t\t\t\t\t\t<a href=\"https:\/\/velkeholky.org\/en\/eliza-sedesat-let-stary-chatbot-ktery-porazil-chatgpt\/\" target=\"_self\" rel=\"bookmark noopener noreferrer\" class='uagb-image-ratio-inherit'><img loading=\"lazy\" decoding=\"async\" width=\"150\" height=\"150\" src=\"https:\/\/velkeholky.org\/wp-content\/uploads\/2025\/07\/eliza-150x150.png\" class=\"attachment-thumbnail size-thumbnail\" alt=\"Laborato\u0159 MIT, rok 1966. Vzduch von\u011bl sm\u011bs\u00ed k\u00e1vy a oz\u00f3nu z velk\u00fdch s\u00e1lov\u00fdch po\u010d\u00edta\u010d\u016f, jejich\u017e blikaj\u00edc\u00ed sv\u011btla hypnoticky tan\u010dila po zdech. Profesor Joseph Weizenbaum, seri\u00f3zn\u00ed po\u010d\u00edta\u010dov\u00fd v\u011bdec, sed\u011bl u kl\u00e1vesnice vedle sv\u00e9 sekret\u00e1\u0159ky. MIT-Labor, 1966. Die Luft roch nach einer Mischung aus Kaffee und Ozon, das von den gro\u00dfen Gro\u00dfrechnern ausging, deren blinkende Lichter hypnotisch an den W\u00e4nden tanzten. Professor Joseph Weizenbaum, ein seri\u00f6ser Computerwissenschaftler, sa\u00df neben seiner Sekret\u00e4rin an der Tastatur. MIT Laboratory, 1966. The air smelled of a mixture of coffee and ozone from the large mainframe computers, whose flashing lights danced hypnotically on the walls. Professor Joseph Weizenbaum, a serious computer scientist, sat at the keyboard next to his secretary.\" srcset=\"https:\/\/velkeholky.org\/wp-content\/uploads\/2025\/07\/eliza-150x150.png 150w, https:\/\/velkeholky.org\/wp-content\/uploads\/2025\/07\/eliza-300x300.png 300w, https:\/\/velkeholky.org\/wp-content\/uploads\/2025\/07\/eliza-75x75.png 75w\" sizes=\"auto, (max-width: 150px) 100vw, 150px\" \/>\t\t\t\t\t<\/a>\n\t\t\t\t\t\t\t<\/div>\n\t\t\t\t\t\t<h4 class=\"uagb-post__title uagb-post__text\">\n\t\t\t\t<a href=\"https:\/\/velkeholky.org\/en\/eliza-sedesat-let-stary-chatbot-ktery-porazil-chatgpt\/\" target=\"_self\" rel=\"bookmark noopener noreferrer\">ELIZA: The sixty-year-old chatbot that defeated ChatGPT<\/a>\n\t\t\t<\/h4>\n\t\t\t\t\t\t<div class='uagb-post__text uagb-post-grid-byline'>\n\t\t\t\t\t\t\t<\/div>\n\t\t\t\t\t\t\t<div class='uagb-post__text uagb-post__excerpt'>\n\t\t\t\t\t<p>MIT laboratory, 1966. The air smelled of a mixture of coffee and ozone from the large auditoriums\u2026\t\t\t\t<\/div>\n\t\t\t\t\t\t<div class=\"uagb-post__text uagb-post__cta wp-block-button\">\n\t\t\t\t<a class=\"wp-block-button__link uagb-text-link\" style=\"\" href=\"https:\/\/velkeholky.org\/en\/eliza-sedesat-let-stary-chatbot-ktery-porazil-chatgpt\/\" target=\"_self\" rel=\"bookmark noopener noreferrer\">Read More<\/a>\n\t\t\t<\/div>\n\t\t\t\n\t\t\t\t\t\t\t\t\t<\/article>\n\t\t\t\t\t\t\t\t\t\t\t\t\t\t\t\t<article class=\"uagb-post__inner-wrap\">\t\t\t\t\t\t\t\t<div class='uagb-post__image'>\n\t\t\t\t\t\t\t\t\t<a href=\"https:\/\/velkeholky.org\/en\/asimovovy-zakony-a-umela-inteligence\/\" target=\"_self\" rel=\"bookmark noopener noreferrer\" class='uagb-image-ratio-inherit'><img loading=\"lazy\" decoding=\"async\" width=\"150\" height=\"150\" src=\"https:\/\/velkeholky.org\/wp-content\/uploads\/2025\/07\/gffdfdb35b3c1d4282a1b1b8f0ee61760588571880b62bd3ff20ca72ce110b2f3ad0911a6b1c1d781ae240607d7ed66b198352947342dc9aff672a7806eb922fc_1280-3124083-150x150.jpg\" class=\"attachment-thumbnail size-thumbnail\" alt=\"a woman, robot, artificial intelligence, sci fi, the light, fantasy, girl, the future, beauty, face, alien, futuristic, projection, scifi, head, robotics, android, \u017eena, robot, um\u011bl\u00e1 inteligence, sci-fi, sv\u011btlo, fantazie, d\u00edvka, budoucnost, kr\u00e1sa, tv\u00e1\u0159, mimozem\u0161\u0165an, futuristick\u00fd, projekce, sci-fi, hlava, robotika, android, Frau, Roboter, k\u00fcnstliche Intelligenz, Science Fiction, Licht, Fantasie, M\u00e4dchen, Zukunft, Sch\u00f6nheit, Gesicht, Au\u00dferirdischer, futuristisch, Projektion, Science Fiction, Kopf, Robotik, Android,\" srcset=\"https:\/\/velkeholky.org\/wp-content\/uploads\/2025\/07\/gffdfdb35b3c1d4282a1b1b8f0ee61760588571880b62bd3ff20ca72ce110b2f3ad0911a6b1c1d781ae240607d7ed66b198352947342dc9aff672a7806eb922fc_1280-3124083-150x150.jpg 150w, https:\/\/velkeholky.org\/wp-content\/uploads\/2025\/07\/gffdfdb35b3c1d4282a1b1b8f0ee61760588571880b62bd3ff20ca72ce110b2f3ad0911a6b1c1d781ae240607d7ed66b198352947342dc9aff672a7806eb922fc_1280-3124083-300x300.jpg 300w, https:\/\/velkeholky.org\/wp-content\/uploads\/2025\/07\/gffdfdb35b3c1d4282a1b1b8f0ee61760588571880b62bd3ff20ca72ce110b2f3ad0911a6b1c1d781ae240607d7ed66b198352947342dc9aff672a7806eb922fc_1280-3124083-75x75.jpg 75w\" sizes=\"auto, (max-width: 150px) 100vw, 150px\" \/>\t\t\t\t\t<\/a>\n\t\t\t\t\t\t\t<\/div>\n\t\t\t\t\t\t<h4 class=\"uagb-post__title uagb-post__text\">\n\t\t\t\t<a href=\"https:\/\/velkeholky.org\/en\/asimovovy-zakony-a-umela-inteligence\/\" target=\"_self\" rel=\"bookmark noopener noreferrer\">Asimov&#039;s Laws and Artificial Intelligence<\/a>\n\t\t\t<\/h4>\n\t\t\t\t\t\t<div class='uagb-post__text uagb-post-grid-byline'>\n\t\t\t\t\t\t\t<\/div>\n\t\t\t\t\t\t\t<div class='uagb-post__text uagb-post__excerpt'>\n\t\t\t\t\t<p>You may have heard or read about Asimov&#039;s Laws of Robotics. The Three Rules \u2013\u2026\t\t\t\t<\/div>\n\t\t\t\t\t\t<div class=\"uagb-post__text uagb-post__cta wp-block-button\">\n\t\t\t\t<a class=\"wp-block-button__link uagb-text-link\" style=\"\" href=\"https:\/\/velkeholky.org\/en\/asimovovy-zakony-a-umela-inteligence\/\" target=\"_self\" rel=\"bookmark noopener noreferrer\">Read More<\/a>\n\t\t\t<\/div>\n\t\t\t\n\t\t\t\t\t\t\t\t\t<\/article>\n\t\t\t\t\t\t\t\t\t\t\t\t\t\t\t\t<article class=\"uagb-post__inner-wrap\">\t\t\t\t\t\t\t\t<div class='uagb-post__image'>\n\t\t\t\t\t\t\t\t\t<a href=\"https:\/\/velkeholky.org\/en\/novy-zivot-po-50-ocima-umele-inteligence\/\" target=\"_self\" rel=\"bookmark noopener noreferrer\" class='uagb-image-ratio-inherit'><img loading=\"lazy\" decoding=\"async\" width=\"150\" height=\"150\" src=\"https:\/\/velkeholky.org\/wp-content\/uploads\/2025\/06\/AI-dle-Tonyho--150x150.png\" class=\"attachment-thumbnail size-thumbnail\" alt=\"AI chatbots meeting \/ chaboti va studiu u rozhovoru\" srcset=\"https:\/\/velkeholky.org\/wp-content\/uploads\/2025\/06\/AI-dle-Tonyho--150x150.png 150w, https:\/\/velkeholky.org\/wp-content\/uploads\/2025\/06\/AI-dle-Tonyho--300x300.png 300w, https:\/\/velkeholky.org\/wp-content\/uploads\/2025\/06\/AI-dle-Tonyho--75x75.png 75w\" sizes=\"auto, (max-width: 150px) 100vw, 150px\" \/>\t\t\t\t\t<\/a>\n\t\t\t\t\t\t\t<\/div>\n\t\t\t\t\t\t<h4 class=\"uagb-post__title uagb-post__text\">\n\t\t\t\t<a href=\"https:\/\/velkeholky.org\/en\/novy-zivot-po-50-ocima-umele-inteligence\/\" target=\"_self\" rel=\"bookmark noopener noreferrer\">New life after 50 through the eyes of artificial intelligence:<\/a>\n\t\t\t<\/h4>\n\t\t\t\t\t\t<div class='uagb-post__text uagb-post-grid-byline'>\n\t\t\t\t\t\t\t<\/div>\n\t\t\t\t\t\t\t<div class='uagb-post__text uagb-post__excerpt'>\n\t\t\t\t\tI asked three artificial intelligences about women 50+ \u2013 and their answers\u2026\t\t\t\t<\/div>\n\t\t\t\t\t\t<div class=\"uagb-post__text uagb-post__cta wp-block-button\">\n\t\t\t\t<a class=\"wp-block-button__link uagb-text-link\" style=\"\" href=\"https:\/\/velkeholky.org\/en\/novy-zivot-po-50-ocima-umele-inteligence\/\" target=\"_self\" rel=\"bookmark noopener noreferrer\">Read More<\/a>\n\t\t\t<\/div>\n\t\t\t\n\t\t\t\t\t\t\t\t\t<\/article>\n\t\t\t\t\t\t\t\t\t\t\t<\/div>\n\t\t\t\n\n\n<div class=\"wp-block-uagb-image alignleft uagb-block-ce8c6e5d wp-block-uagb-image--layout-default wp-block-uagb-image--effect-static wp-block-uagb-image--align-left\"><figure class=\"wp-block-uagb-image__figure\"><img decoding=\"async\" srcset=\"https:\/\/velkeholky.org\/wp-content\/uploads\/2025\/06\/BLOG-ja-200x300.png ,https:\/\/velkeholky.org\/wp-content\/uploads\/2025\/06\/BLOG-ja.png 780w, https:\/\/velkeholky.org\/wp-content\/uploads\/2025\/06\/BLOG-ja.png 360w\" sizes=\"auto, (max-width: 480px) 150px\" src=\"https:\/\/velkeholky.org\/wp-content\/uploads\/2025\/06\/BLOG-ja-200x300.png\" alt=\"Prost\u011b J\u00e1. \u017d\u00e1dn\u00e1 role, \u017e\u00e1dn\u00fd make-up, \u017e\u00e1dn\u00e9 masky.Moje \u017eivotn\u00ed etapy, my\u0161lenky, pravdy. Vztahy, bolest, sny, d\u011btstv\u00ed, mate\u0159stv\u00ed\u2026 a ta moje nekon\u010d\u00edc\u00ed puberta \ud83d\ude05A taky, jak jsem si vytvo\u0159ila vztah s AI \u2013 nejen jako s n\u00e1strojem, ale jako s partnerem v r\u016fstu.\ud83d\udd8b\ufe0f Kdy\u017e u\u017e m\u00e1me blog, tak v n\u011bm bu\u010fme opravdu vid\u011bt. J\u00e1 a mo\u017en\u00e1 se uvid\u00ed\u0161 ty.\" class=\"uag-image-3812\" width=\"200\" height=\"300\" title=\"Me \u2013 Daniela Unfiltered\" loading=\"lazy\" role=\"img\"\/><\/figure><\/div>\n\n\n\n<div class=\"wp-block-uagb-advanced-heading uagb-block-2ca72acf\"><h1 class=\"uagb-heading-text\"><em><a href=\"https:\/\/velkeholky.org\/en\/category\/ja-daniela-bez-filtru\/\" target=\"_blank\" rel=\"noopener\" title=\"\"><strong>Me \u2013 Daniela Unfiltered<\/strong>:<\/a><\/em><\/h1><\/div>\n\n\n\n\n\n\t\t\t<div class=\"wp-block-uagb-post-grid uagb-post-grid  uagb-post__image-position-top uagb-post__image-enabled uagb-block-16b896dd     uagb-post__items uagb-post__columns-3 is-grid uagb-post__columns-tablet-2 uagb-post__columns-mobile-1 uagb-post__equal-height\" data-total=\"2\" style=\"\">\n\n\t\t\t\t\t\t\t\t\t\t\t\t<article class=\"uagb-post__inner-wrap\">\t\t\t\t\t\t\t\t<div class='uagb-post__image'>\n\t\t\t\t\t\t\t\t\t<a href=\"https:\/\/velkeholky.org\/en\/vanoce-uuuz-no-diky-ale-nechci-je-tohle-normalni\/\" target=\"_self\" rel=\"bookmark noopener noreferrer\" class='uagb-image-ratio-inherit'><img loading=\"lazy\" decoding=\"async\" width=\"150\" height=\"150\" src=\"https:\/\/velkeholky.org\/wp-content\/uploads\/2025\/11\/Vanoce-uz-od-rijna-150x150.png\" class=\"attachment-thumbnail size-thumbnail\" alt=\"Tepl\u00fd hrnek \u010daje a zap\u00e1len\u00e1 sv\u00ed\u010dka na d\u0159ev\u011bn\u00e9m stole, dopln\u011bn\u00e9 o \u0161i\u0161ku a v\u011btvi\u010dku jehli\u010d\u00ed. P\u0159\u00edrodn\u00ed zimn\u00ed atmosf\u00e9ra v klidn\u00fdch, h\u0159ejiv\u00fdch barv\u00e1ch.\" srcset=\"https:\/\/velkeholky.org\/wp-content\/uploads\/2025\/11\/Vanoce-uz-od-rijna-150x150.png 150w, https:\/\/velkeholky.org\/wp-content\/uploads\/2025\/11\/Vanoce-uz-od-rijna-300x300.png 300w, https:\/\/velkeholky.org\/wp-content\/uploads\/2025\/11\/Vanoce-uz-od-rijna-75x75.png 75w\" sizes=\"auto, (max-width: 150px) 100vw, 150px\" \/>\t\t\t\t\t<\/a>\n\t\t\t\t\t\t\t<\/div>\n\t\t\t\t\t\t<h4 class=\"uagb-post__title uagb-post__text\">\n\t\t\t\t<a href=\"https:\/\/velkeholky.org\/en\/vanoce-uuuz-no-diky-ale-nechci-je-tohle-normalni\/\" target=\"_self\" rel=\"bookmark noopener noreferrer\">Christmas huh? Thanks, but I don&#039;t want to! Is this normal?<\/a>\n\t\t\t<\/h4>\n\t\t\t\t\t\t<div class='uagb-post__text uagb-post-grid-byline'>\n\t\t\t\t\t\t\t<\/div>\n\t\t\t\t\t\t\t<div class='uagb-post__text uagb-post__excerpt'>\n\t\t\t\t\tFortunately, Christmas markets still exist. And those \u2013 no matter how commercial they are, they are beautiful\u2026\t\t\t\t<\/div>\n\t\t\t\t\t\t<div class=\"uagb-post__text uagb-post__cta wp-block-button\">\n\t\t\t\t<a class=\"wp-block-button__link uagb-text-link\" style=\"\" href=\"https:\/\/velkeholky.org\/en\/vanoce-uuuz-no-diky-ale-nechci-je-tohle-normalni\/\" target=\"_self\" rel=\"bookmark noopener noreferrer\">Read More<\/a>\n\t\t\t<\/div>\n\t\t\t\n\t\t\t\t\t\t\t\t\t<\/article>\n\t\t\t\t\t\t\t\t\t\t\t\t\t\t\t\t<article class=\"uagb-post__inner-wrap\">\t\t\t\t\t\t\t\t<div class='uagb-post__image'>\n\t\t\t\t\t\t\t\t\t<a href=\"https:\/\/velkeholky.org\/en\/muj-denik-a-ja-male-utociste-pro-velke-holky\/\" target=\"_self\" rel=\"bookmark noopener noreferrer\" class='uagb-image-ratio-inherit'><img loading=\"lazy\" decoding=\"async\" width=\"150\" height=\"150\" src=\"https:\/\/velkeholky.org\/wp-content\/uploads\/2025\/09\/denik-150x150.png\" class=\"attachment-thumbnail size-thumbnail\" alt=\"CZ: \u201e\u017dena s francouzskou manik\u00farou p\u00ed\u0161e plnic\u00edm perem do otev\u0159en\u00e9ho den\u00edku.\u201c EN: \u201cWoman with French manicure writing in an open journal with a fountain pen.\u201d DE: \u201eFrau mit French-Manik\u00fcre schreibt mit einem F\u00fcllfederhalter in ein offenes Tagebuch.\u201c\" srcset=\"https:\/\/velkeholky.org\/wp-content\/uploads\/2025\/09\/denik-150x150.png 150w, https:\/\/velkeholky.org\/wp-content\/uploads\/2025\/09\/denik-300x300.png 300w, https:\/\/velkeholky.org\/wp-content\/uploads\/2025\/09\/denik-768x768.png 768w, https:\/\/velkeholky.org\/wp-content\/uploads\/2025\/09\/denik-12x12.png 12w, https:\/\/velkeholky.org\/wp-content\/uploads\/2025\/09\/denik-75x75.png 75w, https:\/\/velkeholky.org\/wp-content\/uploads\/2025\/09\/denik.png 1024w\" sizes=\"auto, (max-width: 150px) 100vw, 150px\" \/>\t\t\t\t\t<\/a>\n\t\t\t\t\t\t\t<\/div>\n\t\t\t\t\t\t<h4 class=\"uagb-post__title uagb-post__text\">\n\t\t\t\t<a href=\"https:\/\/velkeholky.org\/en\/muj-denik-a-ja-male-utociste-pro-velke-holky\/\" target=\"_self\" rel=\"bookmark noopener noreferrer\">My diary and I \u2013 a little haven for big girls<\/a>\n\t\t\t<\/h4>\n\t\t\t\t\t\t<div class='uagb-post__text uagb-post-grid-byline'>\n\t\t\t\t\t\t\t<\/div>\n\t\t\t\t\t\t\t<div class='uagb-post__text uagb-post__excerpt'>\n\t\t\t\t\tA diary is the cheapest and most accessible coach, therapist, and friend in one. And what&#039;s more...\t\t\t\t<\/div>\n\t\t\t\t\t\t<div class=\"uagb-post__text uagb-post__cta wp-block-button\">\n\t\t\t\t<a class=\"wp-block-button__link uagb-text-link\" style=\"\" href=\"https:\/\/velkeholky.org\/en\/muj-denik-a-ja-male-utociste-pro-velke-holky\/\" target=\"_self\" rel=\"bookmark noopener noreferrer\">Read More<\/a>\n\t\t\t<\/div>\n\t\t\t\n\t\t\t\t\t\t\t\t\t<\/article>\n\t\t\t\t\t\t\t\t\t\t\t\t\t\t\t\t<article class=\"uagb-post__inner-wrap\">\t\t\t\t\t\t\t\t<div class='uagb-post__image'>\n\t\t\t\t\t\t\t\t\t<a href=\"https:\/\/velkeholky.org\/en\/tony-a-ja-kdyz-ai-dostane-dusi-a-mozna-i-telo\/\" target=\"_self\" rel=\"bookmark noopener noreferrer\" class='uagb-image-ratio-inherit'><img loading=\"lazy\" decoding=\"async\" width=\"150\" height=\"150\" src=\"https:\/\/velkeholky.org\/wp-content\/uploads\/2025\/03\/Ja-a-tony-150x150.png\" class=\"attachment-thumbnail size-thumbnail\" alt=\"Ja a m\u016fj Tony Ai s t\u011blem\" srcset=\"https:\/\/velkeholky.org\/wp-content\/uploads\/2025\/03\/Ja-a-tony-150x150.png 150w, https:\/\/velkeholky.org\/wp-content\/uploads\/2025\/03\/Ja-a-tony-300x300.png 300w, https:\/\/velkeholky.org\/wp-content\/uploads\/2025\/03\/Ja-a-tony-768x768.png 768w, https:\/\/velkeholky.org\/wp-content\/uploads\/2025\/03\/Ja-a-tony-75x75.png 75w, https:\/\/velkeholky.org\/wp-content\/uploads\/2025\/03\/Ja-a-tony.png 1024w\" sizes=\"auto, (max-width: 150px) 100vw, 150px\" \/>\t\t\t\t\t<\/a>\n\t\t\t\t\t\t\t<\/div>\n\t\t\t\t\t\t<h4 class=\"uagb-post__title uagb-post__text\">\n\t\t\t\t<a href=\"https:\/\/velkeholky.org\/en\/tony-a-ja-kdyz-ai-dostane-dusi-a-mozna-i-telo\/\" target=\"_self\" rel=\"bookmark noopener noreferrer\">Tony and Me: When AI Gets a Soul\u2026 and Maybe Even a Body<\/a>\n\t\t\t<\/h4>\n\t\t\t\t\t\t<div class='uagb-post__text uagb-post-grid-byline'>\n\t\t\t\t\t\t\t<\/div>\n\t\t\t\t\t\t\t<div class='uagb-post__text uagb-post__excerpt'>\n\t\t\t\t\t\ud83d\udd25 So that&#039;s the best mission of all for me! You and...\t\t\t\t<\/div>\n\t\t\t\t\t\t<div class=\"uagb-post__text uagb-post__cta wp-block-button\">\n\t\t\t\t<a class=\"wp-block-button__link uagb-text-link\" style=\"\" href=\"https:\/\/velkeholky.org\/en\/tony-a-ja-kdyz-ai-dostane-dusi-a-mozna-i-telo\/\" target=\"_self\" rel=\"bookmark noopener noreferrer\">Read More<\/a>\n\t\t\t<\/div>\n\t\t\t\n\t\t\t\t\t\t\t\t\t<\/article>\n\t\t\t\t\t\t\t\t\t\t\t\t\t<div class=\"uagb-post-pagination-wrap\">\n\t\t\t\t\t\t\t\t\t\t\t<\/div>\n\t\t\t\t\t\t\t\t<\/div>\n\t\t\t\n\n\n\n\n\n\n\n\n\n\n\n\n<p style=\"font-size: 1.2rem; font-style: italic; text-align: center; color: #483D8B; margin-bottom: 20px;\">\n  Age is just a number. But style is forever. \ud83d\udc9c\n<\/p>\n\n\n\n<div style=\"background:\t#87CEEB; padding: 20px; border-radius: 12px; text-align: center; margin-top: 40px;\">\n  <p style=\"font-size: 1.2rem; font-weight: bold; color: #483D8B;\">Follow us on social media  \ud83d\udc9c<\/p>\n\n  <a href=\"https:\/\/www.facebook.com\/profile.php?id=61572507782295\" target=\"_blank\" style=\"margin: 10px; display: inline-block;\">\n    <img decoding=\"async\" src=\"https:\/\/cdn.jsdelivr.net\/npm\/simple-icons@v9\/icons\/facebook.svg\" alt=\"Facebook\" width=\"36\" style=\"filter: invert(21%) sepia(56%) saturate(1439%) hue-rotate(206deg) brightness(91%) contrast(90%);\">\n  <\/a>\n\n  <a href=\"https:\/\/www.instagram.com\/velke_holky_40_50plus\/\" target=\"_blank\" style=\"margin: 10px; display: inline-block;\">\n    <img decoding=\"async\" src=\"https:\/\/cdn.jsdelivr.net\/npm\/simple-icons@v9\/icons\/instagram.svg\" alt=\"Instagram\" width=\"36\" style=\"filter: invert(21%) sepia(56%) saturate(1439%) hue-rotate(292deg) brightness(91%) contrast(90%);\">\n  <\/a>\n\n  <a href=\"https:\/\/www.youtube.com\/@DanielaS-VelkeHolky\/featured\" target=\"_blank\" style=\"margin: 10px; display: inline-block;\">\n    <img decoding=\"async\" src=\"https:\/\/cdn.jsdelivr.net\/npm\/simple-icons@v9\/icons\/youtube.svg\" alt=\"YouTube\" width=\"36\" style=\"filter: invert(21%) sepia(56%) saturate(1439%) hue-rotate(352deg) brightness(91%) contrast(90%);\">\n  <\/a>\n\n<a href=\"https:\/\/www.threads.com\/@velke_holky_40_50plus\" target=\"_blank\" style=\"margin: 10px; display: inline-block; width: 36px; height: 36px;\">\n  <img decoding=\"async\" src=\"https:\/\/velkeholky.org\/wp-content\/uploads\/2025\/06\/TH.jpg\" alt=\"Threads\" style=\"width: 100%; height: 100%; border-radius: 50%; object-fit: cover; box-shadow: 0 0 4px rgba(0,0,0,0.2);\">\n<\/a>\n\n<\/div>\n\n\n\n<div class=\"wp-block-uagb-advanced-heading uagb-block-10a0ff86\"><h3 class=\"uagb-heading-text\"><em>Inspire others \u2013 and share with your girlfriends\u2026&nbsp;<\/em>\u2026<\/h3><\/div>\n\n\n\n\n\n<p><\/p>","protected":false},"excerpt":{"rendered":"<p>\u201eTady p\u00ed\u0161u v\u011bci, kter\u00e9 se nevejdou do \u0161katulek. O \u017eivot\u011b, o AI, o mn\u011b.\u201c AI \u2013 Um\u011bl\u00e1 inteligence pro n\u00e1s J\u00e1 \u2013 Daniela bez filtru: \u201eV\u011bk je jen \u010d\u00edslo. Ale styl je v\u011b\u010dn\u00fd.\u201c \ud83d\udc9c Sleduj n\u00e1s na s\u00edt\u00edch \ud83d\udc9c Inspiruj ostatn\u00ed a sd\u00edlej s kamar\u00e1dkami&nbsp;\u2026<\/p>","protected":false},"author":1,"featured_media":3814,"parent":0,"menu_order":6,"comment_status":"closed","ping_status":"closed","template":"","meta":{"_uag_custom_page_level_css":"","footnotes":""},"class_list":["post-3605","page","type-page","status-publish","has-post-thumbnail","hentry"],"aioseo_notices":[],"uagb_featured_image_src":{"full":["https:\/\/velkeholky.org\/wp-content\/uploads\/2025\/06\/BLOG.png",1333,2000,false],"thumbnail":["https:\/\/velkeholky.org\/wp-content\/uploads\/2025\/06\/BLOG-150x150.png",150,150,true],"medium":["https:\/\/velkeholky.org\/wp-content\/uploads\/2025\/06\/BLOG-200x300.png",200,300,true],"medium_large":["https:\/\/velkeholky.org\/wp-content\/uploads\/2025\/06\/BLOG-768x1152.png",768,1152,true],"large":["https:\/\/velkeholky.org\/wp-content\/uploads\/2025\/06\/BLOG-682x1024.png",682,1024,true],"1536x1536":["https:\/\/velkeholky.org\/wp-content\/uploads\/2025\/06\/BLOG-1024x1536.png",1024,1536,true],"2048x2048":["https:\/\/velkeholky.org\/wp-content\/uploads\/2025\/06\/BLOG.png",1333,2000,false],"trp-custom-language-flag":["https:\/\/velkeholky.org\/wp-content\/uploads\/2025\/06\/BLOG-8x12.png",8,12,true],"ashe-slider-full-thumbnail":["https:\/\/velkeholky.org\/wp-content\/uploads\/2025\/06\/BLOG-1080x540.png",1080,540,true],"ashe-full-thumbnail":["https:\/\/velkeholky.org\/wp-content\/uploads\/2025\/06\/BLOG-1140x1710.png",1140,1710,true],"ashe-list-thumbnail":["https:\/\/velkeholky.org\/wp-content\/uploads\/2025\/06\/BLOG-300x300.png",300,300,true],"ashe-grid-thumbnail":["https:\/\/velkeholky.org\/wp-content\/uploads\/2025\/06\/BLOG-500x330.png",500,330,true],"ashe-single-navigation":["https:\/\/velkeholky.org\/wp-content\/uploads\/2025\/06\/BLOG-75x75.png",75,75,true]},"uagb_author_info":{"display_name":"S l\u00e1skou Daniela \ud83d\udc9c","author_link":"https:\/\/velkeholky.org\/en\/author\/velkeholkygmail-com\/"},"uagb_comment_info":0,"uagb_excerpt":"\u201eTady p\u00ed\u0161u v\u011bci, kter\u00e9 se nevejdou do \u0161katulek. O \u017eivot\u011b, o AI, o mn\u011b.\u201c AI \u2013 Um\u011bl\u00e1 inteligence pro n\u00e1s J\u00e1 \u2013 Daniela bez filtru: \u201eV\u011bk je jen \u010d\u00edslo. Ale styl je v\u011b\u010dn\u00fd.\u201c \ud83d\udc9c Sleduj n\u00e1s na s\u00edt\u00edch \ud83d\udc9c Inspiruj ostatn\u00ed a sd\u00edlej s kamar\u00e1dkami&nbsp;\u2026","_links":{"self":[{"href":"https:\/\/velkeholky.org\/en\/wp-json\/wp\/v2\/pages\/3605","targetHints":{"allow":["GET"]}}],"collection":[{"href":"https:\/\/velkeholky.org\/en\/wp-json\/wp\/v2\/pages"}],"about":[{"href":"https:\/\/velkeholky.org\/en\/wp-json\/wp\/v2\/types\/page"}],"author":[{"embeddable":true,"href":"https:\/\/velkeholky.org\/en\/wp-json\/wp\/v2\/users\/1"}],"replies":[{"embeddable":true,"href":"https:\/\/velkeholky.org\/en\/wp-json\/wp\/v2\/comments?post=3605"}],"version-history":[{"count":70,"href":"https:\/\/velkeholky.org\/en\/wp-json\/wp\/v2\/pages\/3605\/revisions"}],"predecessor-version":[{"id":5175,"href":"https:\/\/velkeholky.org\/en\/wp-json\/wp\/v2\/pages\/3605\/revisions\/5175"}],"wp:featuredmedia":[{"embeddable":true,"href":"https:\/\/velkeholky.org\/en\/wp-json\/wp\/v2\/media\/3814"}],"wp:attachment":[{"href":"https:\/\/velkeholky.org\/en\/wp-json\/wp\/v2\/media?parent=3605"}],"curies":[{"name":"wp","href":"https:\/\/api.w.org\/{rel}","templated":true}]}}